{"id":13500,"date":"2021-06-28T06:00:20","date_gmt":"2021-06-28T06:00:20","guid":{"rendered":"https:\/\/nsfocusglobal.com\/sobre\/"},"modified":"2026-01-08T09:03:21","modified_gmt":"2026-01-08T09:03:21","slug":"sobre","status":"publish","type":"page","link":"https:\/\/nsfocusglobal.com\/pt-br\/sobre\/","title":{"rendered":"Sobre"},"content":{"rendered":"\t\t<div data-elementor-type=\"wp-page\" data-elementor-id=\"13500\" class=\"elementor elementor-13500\" data-elementor-post-type=\"page\">\n\t\t\t\t\t\t<section data-dce-background-image-url=\"https:\/\/nsfocusglobal.com\/wp-content\/uploads\/2021\/07\/Company.jpg\" class=\"has_ae_slider elementor-section elementor-top-section elementor-element elementor-element-1eebfb5c elementor-section-boxed elementor-section-height-default elementor-section-height-default ae-bg-gallery-type-default\" data-id=\"1eebfb5c\" data-element_type=\"section\" data-settings=\"{&quot;background_background&quot;:&quot;classic&quot;}\">\n\t\t\t\t\t\t\t<div class=\"elementor-background-overlay\"><\/div>\n\t\t\t\t\t\t\t<div class=\"elementor-container elementor-column-gap-no\">\n\t\t\t\t\t<div class=\"has_ae_slider elementor-column elementor-col-100 elementor-top-column elementor-element elementor-element-7f5654d4 ae-bg-gallery-type-default elementor-invisible\" data-id=\"7f5654d4\" data-element_type=\"column\" data-settings=\"{&quot;animation&quot;:&quot;fadeIn&quot;}\">\n\t\t\t<div class=\"elementor-widget-wrap elementor-element-populated\">\n\t\t\t\t\t\t<div data-dce-title-color=\"#FFFFFF\" class=\"elementor-element elementor-element-312cc50c elementor-widget elementor-widget-heading\" data-id=\"312cc50c\" data-element_type=\"widget\" data-widget_type=\"heading.default\">\n\t\t\t\t<div class=\"elementor-widget-container\">\n\t\t\t\t\t<h2 class=\"elementor-heading-title elementor-size-default\">PROTE\u00c7\u00c3O MUNDIAL DA NSFOCUS<\/h2>\t\t\t\t<\/div>\n\t\t\t\t<\/div>\n\t\t\t\t\t<\/div>\n\t\t<\/div>\n\t\t\t\t\t<\/div>\n\t\t<\/section>\n\t\t\t\t<section data-dce-background-color=\"#FFFFFF\" data-dce-background-image-url=\"https:\/\/nsfocusglobal.com\/wp-content\/uploads\/2024\/11\/8_About_Business_Consulting_Company-Team-Slider_1.jpg\" class=\"has_ae_slider elementor-section elementor-top-section elementor-element elementor-element-244f880f elementor-section-content-middle elementor-section-boxed elementor-section-height-default elementor-section-height-default ae-bg-gallery-type-default\" data-id=\"244f880f\" data-element_type=\"section\" data-settings=\"{&quot;background_background&quot;:&quot;classic&quot;}\">\n\t\t\t\t\t\t<div class=\"elementor-container elementor-column-gap-no\">\n\t\t\t\t\t<div class=\"has_ae_slider elementor-column elementor-col-50 elementor-top-column elementor-element elementor-element-161ebcfd ae-bg-gallery-type-default elementor-invisible\" data-id=\"161ebcfd\" data-element_type=\"column\" data-settings=\"{&quot;animation&quot;:&quot;fadeInLeft&quot;}\">\n\t\t\t<div class=\"elementor-widget-wrap elementor-element-populated\">\n\t\t\t\t\t\t<div class=\"elementor-element elementor-element-1a839a81 dce_masking-none elementor-widget elementor-widget-video\" data-id=\"1a839a81\" data-element_type=\"widget\" data-settings=\"{&quot;youtube_url&quot;:&quot;https:\\\/\\\/youtu.be\\\/ldgjOB9Imyc?si=PJlB5mcXoormAgKL&quot;,&quot;autoplay&quot;:&quot;yes&quot;,&quot;video_type&quot;:&quot;youtube&quot;,&quot;controls&quot;:&quot;yes&quot;}\" data-widget_type=\"video.default\">\n\t\t\t\t<div class=\"elementor-widget-container\">\n\t\t\t\t\t\t\t<div class=\"elementor-wrapper elementor-open-inline\">\n\t\t\t<div class=\"elementor-video\"><\/div>\t\t<\/div>\n\t\t\t\t\t\t<\/div>\n\t\t\t\t<\/div>\n\t\t\t\t\t<\/div>\n\t\t<\/div>\n\t\t\t\t<div class=\"has_ae_slider elementor-column elementor-col-50 elementor-top-column elementor-element elementor-element-4f93278e ae-bg-gallery-type-default elementor-invisible\" data-id=\"4f93278e\" data-element_type=\"column\" data-settings=\"{&quot;animation&quot;:&quot;fadeInRight&quot;}\">\n\t\t\t<div class=\"elementor-widget-wrap elementor-element-populated\">\n\t\t\t\t\t\t<section class=\"has_ae_slider elementor-section elementor-inner-section elementor-element elementor-element-a0e7f94 elementor-section-boxed elementor-section-height-default elementor-section-height-default ae-bg-gallery-type-default\" data-id=\"a0e7f94\" data-element_type=\"section\">\n\t\t\t\t\t\t<div class=\"elementor-container elementor-column-gap-no\">\n\t\t\t\t\t<div class=\"has_ae_slider elementor-column elementor-col-100 elementor-inner-column elementor-element elementor-element-61d179c8 ae-bg-gallery-type-default\" data-id=\"61d179c8\" data-element_type=\"column\">\n\t\t\t<div class=\"elementor-widget-wrap elementor-element-populated\">\n\t\t\t\t\t\t<div data-dce-title-color=\"#362C1E\" class=\"elementor-element elementor-element-787c6dcd elementor-widget elementor-widget-heading\" data-id=\"787c6dcd\" data-element_type=\"widget\" data-widget_type=\"heading.default\">\n\t\t\t\t<div class=\"elementor-widget-container\">\n\t\t\t\t\t<h1 class=\"elementor-heading-title elementor-size-default\">NSFOCUS Helps Secure The World<\/h1>\t\t\t\t<\/div>\n\t\t\t\t<\/div>\n\t\t\t\t\t<\/div>\n\t\t<\/div>\n\t\t\t\t\t<\/div>\n\t\t<\/section>\n\t\t\t\t<div class=\"elementor-element elementor-element-2ae07a11 elementor-widget elementor-widget-text-editor\" data-id=\"2ae07a11\" data-element_type=\"widget\" data-widget_type=\"text-editor.default\">\n\t\t\t\t<div class=\"elementor-widget-container\">\n\t\t\t\t\t\t\t\t\t<p>Fundada em 2000, a NSFOCUS \u00e9 reconhecida como uma das l\u00edderes do mercado mundial em solu\u00e7\u00f5es de rede e seguran\u00e7a cibern\u00e9tica. Hoje, opera globalmente com mais de 3.000 funcion\u00e1rios em duas sedes em Pequim e uma em Milpitas, na Calif\u00f3rnia, al\u00e9m de 40 escrit\u00f3rios espalhados pelo mundo. Iniciou suas opera\u00e7\u00f5es na Am\u00e9rica Latina em 2016 pelo Brasil e, desde ent\u00e3o, j\u00e1 expandiu os neg\u00f3cios para o Chile, Peru, Col\u00f4mbia, Argentina, Equador e M\u00e9xico. Dentre os mais de 9 mil clientes, seis dos 10 l\u00edderes globais de telecomunica\u00e7\u00f5es, e quatro das cinco maiores institui\u00e7\u00f5es financeiras do mundo, s\u00e3o protegidas pela empresa.<\/p>\t\t\t\t\t\t\t\t<\/div>\n\t\t\t\t<\/div>\n\t\t\t\t<div class=\"elementor-element elementor-element-32017861 elementor-widget elementor-widget-text-editor\" data-id=\"32017861\" data-element_type=\"widget\" data-widget_type=\"text-editor.default\">\n\t\t\t\t<div class=\"elementor-widget-container\">\n\t\t\t\t\t\t\t\t\t<p>Com sua plataforma de seguran\u00e7a em nuvem multi-tenant e distribu\u00edda, a NSFOCUS move a seguran\u00e7a para o backbone da Internet. Operando em data centers no mundo todo, permite que as organiza\u00e7\u00f5es utilizem todo o potencial da computa\u00e7\u00e3o em nuvem, ao fornecer prote\u00e7\u00e3o e desempenho reconhecidos mundialmente. Al\u00e9m disso, segue capacitando seus parceiros para o fornecimento da melhor seguran\u00e7a de forma inteligente e simples. A empresa oferece tamb\u00e9m seguran\u00e7a DDoS h\u00edbrida e Web, com intelig\u00eancia contra amea\u00e7as l\u00edder do setor.<\/p>\t\t\t\t\t\t\t\t<\/div>\n\t\t\t\t<\/div>\n\t\t\t\t<div class=\"elementor-element elementor-element-13dfcb37 elementor-widget elementor-widget-button\" data-id=\"13dfcb37\" data-element_type=\"widget\" data-widget_type=\"button.default\">\n\t\t\t\t<div class=\"elementor-widget-container\">\n\t\t\t\t\t\t\t\t\t<div class=\"elementor-button-wrapper\">\n\t\t\t\t\t<a class=\"elementor-button elementor-button-link elementor-size-sm\" href=\"\/contact-us\/\">\n\t\t\t\t\t\t<span class=\"elementor-button-content-wrapper\">\n\t\t\t\t\t\t\t\t\t<span class=\"elementor-button-text\">Contact Us<\/span>\n\t\t\t\t\t<\/span>\n\t\t\t\t\t<\/a>\n\t\t\t\t<\/div>\n\t\t\t\t\t\t\t\t<\/div>\n\t\t\t\t<\/div>\n\t\t\t\t\t<\/div>\n\t\t<\/div>\n\t\t\t\t\t<\/div>\n\t\t<\/section>\n\t\t\t\t<section data-dce-background-color=\"#F2FCFF\" class=\"has_ae_slider elementor-section elementor-top-section elementor-element elementor-element-4cbf1d49 elementor-section-content-middle elementor-section-boxed elementor-section-height-default elementor-section-height-default ae-bg-gallery-type-default\" data-id=\"4cbf1d49\" data-element_type=\"section\" data-settings=\"{&quot;background_background&quot;:&quot;classic&quot;}\">\n\t\t\t\t\t\t<div class=\"elementor-container elementor-column-gap-no\">\n\t\t\t\t\t<div class=\"has_ae_slider elementor-column elementor-col-100 elementor-top-column elementor-element elementor-element-699b1c18 ae-bg-gallery-type-default elementor-invisible\" data-id=\"699b1c18\" data-element_type=\"column\" data-settings=\"{&quot;animation&quot;:&quot;fadeInLeft&quot;}\">\n\t\t\t<div class=\"elementor-widget-wrap elementor-element-populated\">\n\t\t\t\t\t\t<section class=\"has_ae_slider elementor-section elementor-inner-section elementor-element elementor-element-e6d5bad elementor-section-boxed elementor-section-height-default elementor-section-height-default ae-bg-gallery-type-default\" data-id=\"e6d5bad\" data-element_type=\"section\">\n\t\t\t\t\t\t<div class=\"elementor-container elementor-column-gap-no\">\n\t\t\t\t\t<div class=\"has_ae_slider elementor-column elementor-col-100 elementor-inner-column elementor-element elementor-element-469bd4e1 ae-bg-gallery-type-default\" data-id=\"469bd4e1\" data-element_type=\"column\" data-settings=\"{&quot;background_background&quot;:&quot;classic&quot;}\">\n\t\t\t<div class=\"elementor-widget-wrap elementor-element-populated\">\n\t\t\t\t\t\t<div data-dce-title-color=\"#362C1E\" class=\"elementor-element elementor-element-52a4b535 elementor-widget elementor-widget-heading\" data-id=\"52a4b535\" data-element_type=\"widget\" data-widget_type=\"heading.default\">\n\t\t\t\t<div class=\"elementor-widget-container\">\n\t\t\t\t\t<h2 class=\"elementor-heading-title elementor-size-default\">LABORAT\u00d3RIOS DE SEGURAN\u00c7A NSFOCUS<\/h2>\t\t\t\t<\/div>\n\t\t\t\t<\/div>\n\t\t\t\t\t<\/div>\n\t\t<\/div>\n\t\t\t\t\t<\/div>\n\t\t<\/section>\n\t\t\t\t<div data-dce-text-color=\"#606060\" class=\"elementor-element elementor-element-63a77aae elementor-widget elementor-widget-text-editor\" data-id=\"63a77aae\" data-element_type=\"widget\" data-widget_type=\"text-editor.default\">\n\t\t\t\t<div class=\"elementor-widget-container\">\n\t\t\t\t\t\t\t\t\t<p>As equipes de pesquisa e desenvolvimento se concentram na an\u00e1lise de vulnerabilidades, compreens\u00e3o de amea\u00e7as e aprimoramento da intelig\u00eancia de seguran\u00e7a, ao mesmo tempo que fornecem suporte t\u00e9cnico para solu\u00e7\u00f5es e servi\u00e7os da NSFOCUS. Por isso, a empresa se consolidou em manter clientes com altos n\u00edveis de opera\u00e7\u00f5es, garantindo que seus sistemas online permane\u00e7am sempre dispon\u00edveis. Com escrit\u00f3rios nos Estados Unidos, Jap\u00e3o, Europa, China e sudeste da \u00c1sia, a NSFOCUS oferece suporte para mais de 9.000 clientes, incluindo algumas das maiores operadoras de telecomunica\u00e7\u00f5es, data centers, institui\u00e7\u00f5es financeiras, provedores de servi\u00e7os e diversas empresas em todo o mundo. Quando se trata de maximizar a disponibilidade e seguran\u00e7a, confie sua empresa \u00e0 NSFOCUS.<\/p>\t\t\t\t\t\t\t\t<\/div>\n\t\t\t\t<\/div>\n\t\t\t\t\t<\/div>\n\t\t<\/div>\n\t\t\t\t\t<\/div>\n\t\t<\/section>\n\t\t\t\t<\/div>\n\t\t","protected":false},"excerpt":{"rendered":"<p>PROTE\u00c7\u00c3O MUNDIAL DA NSFOCUS NSFOCUS Helps Secure The World Fundada em 2000, a NSFOCUS \u00e9 reconhecida como uma das l\u00edderes do mercado mundial em solu\u00e7\u00f5es de rede e seguran\u00e7a cibern\u00e9tica. Hoje, opera globalmente com mais de 3.000 funcion\u00e1rios em duas sedes em Pequim e uma em Milpitas, na Calif\u00f3rnia, al\u00e9m de 40 escrit\u00f3rios espalhados pelo [&hellip;]<\/p>\n","protected":false},"author":1,"featured_media":23509,"parent":0,"menu_order":120,"comment_status":"closed","ping_status":"closed","template":"elementor_header_footer","meta":{"_acf_changed":false,"_coblocks_attr":"","_coblocks_dimensions":"","_coblocks_responsive_height":"","_coblocks_accordion_ie_support":"","footnotes":""},"class_list":["post-13500","page","type-page","status-publish","has-post-thumbnail","hentry"],"acf":[],"yoast_head":"<!-- This site is optimized with the Yoast SEO plugin v27.6 - https:\/\/yoast.com\/product\/yoast-seo-wordpress\/ -->\n<title>Sobre | NSFOCUS<\/title>\n<meta name=\"description\" content=\"NSFOCUS provides enterprise-level network security solutions and services to the Americas, Europe, the Middle East, and Asia Pacific.\" \/>\n<meta name=\"robots\" content=\"index, follow, max-snippet:-1, max-image-preview:large, max-video-preview:-1\" \/>\n<link rel=\"canonical\" href=\"https:\/\/nsfocusglobal.com\/pt-br\/sobre\/\" \/>\n<meta property=\"og:locale\" content=\"pt_BR\" \/>\n<meta property=\"og:type\" content=\"article\" \/>\n<meta property=\"og:title\" content=\"Sobre | NSFOCUS\" \/>\n<meta property=\"og:description\" content=\"NSFOCUS provides enterprise-level network security solutions and services to the Americas, Europe, the Middle East, and Asia Pacific.\" \/>\n<meta property=\"og:url\" content=\"https:\/\/nsfocusglobal.com\/pt-br\/sobre\/\" \/>\n<meta property=\"og:site_name\" content=\"NSFOCUS\" \/>\n<meta property=\"article:modified_time\" content=\"2026-01-08T09:03:21+00:00\" \/>\n<meta property=\"og:image\" content=\"https:\/\/nsfocusglobal.com\/wp-content\/uploads\/2023\/03\/1-2.png\" \/>\n<meta name=\"twitter:card\" content=\"summary_large_image\" \/>\n<meta name=\"twitter:title\" content=\"Sobre | NSFOCUS\" \/>\n<meta name=\"twitter:description\" content=\"NSFOCUS provides enterprise-level network security solutions and services to the Americas, Europe, the Middle East, and Asia Pacific.\" \/>\n<meta name=\"twitter:image\" content=\"https:\/\/nsfocusglobal.com\/wp-content\/uploads\/2023\/03\/1-2.png\" \/>\n<meta name=\"twitter:label1\" content=\"Est. tempo de leitura\" \/>\n\t<meta name=\"twitter:data1\" content=\"2 minutos\" \/>\n<script type=\"application\/ld+json\" class=\"yoast-schema-graph\">{\"@context\":\"https:\\\/\\\/schema.org\",\"@graph\":[{\"@type\":\"WebPage\",\"@id\":\"https:\\\/\\\/nsfocusglobal.com\\\/pt-br\\\/sobre\\\/\",\"url\":\"https:\\\/\\\/nsfocusglobal.com\\\/pt-br\\\/sobre\\\/\",\"name\":\"Sobre | NSFOCUS\",\"isPartOf\":{\"@id\":\"https:\\\/\\\/nsfocusglobal.com\\\/#website\"},\"primaryImageOfPage\":{\"@id\":\"https:\\\/\\\/nsfocusglobal.com\\\/pt-br\\\/sobre\\\/#primaryimage\"},\"image\":{\"@id\":\"https:\\\/\\\/nsfocusglobal.com\\\/pt-br\\\/sobre\\\/#primaryimage\"},\"thumbnailUrl\":\"https:\\\/\\\/nsfocusglobal.com\\\/wp-content\\\/uploads\\\/2023\\\/03\\\/1-2.png\",\"datePublished\":\"2021-06-28T06:00:20+00:00\",\"dateModified\":\"2026-01-08T09:03:21+00:00\",\"description\":\"NSFOCUS provides enterprise-level network security solutions and services to the Americas, Europe, the Middle East, and Asia Pacific.\",\"breadcrumb\":{\"@id\":\"https:\\\/\\\/nsfocusglobal.com\\\/pt-br\\\/sobre\\\/#breadcrumb\"},\"inLanguage\":\"pt-BR\",\"potentialAction\":[{\"@type\":\"ReadAction\",\"target\":[\"https:\\\/\\\/nsfocusglobal.com\\\/pt-br\\\/sobre\\\/\"]}]},{\"@type\":\"ImageObject\",\"inLanguage\":\"pt-BR\",\"@id\":\"https:\\\/\\\/nsfocusglobal.com\\\/pt-br\\\/sobre\\\/#primaryimage\",\"url\":\"https:\\\/\\\/nsfocusglobal.com\\\/wp-content\\\/uploads\\\/2023\\\/03\\\/1-2.png\",\"contentUrl\":\"https:\\\/\\\/nsfocusglobal.com\\\/wp-content\\\/uploads\\\/2023\\\/03\\\/1-2.png\",\"width\":1841,\"height\":675,\"caption\":\"Network administration hot standby function interface.\"},{\"@type\":\"BreadcrumbList\",\"@id\":\"https:\\\/\\\/nsfocusglobal.com\\\/pt-br\\\/sobre\\\/#breadcrumb\",\"itemListElement\":[{\"@type\":\"ListItem\",\"position\":1,\"name\":\"Home\",\"item\":\"https:\\\/\\\/nsfocusglobal.com\\\/\"},{\"@type\":\"ListItem\",\"position\":2,\"name\":\"Sobre\"}]},{\"@type\":\"WebSite\",\"@id\":\"https:\\\/\\\/nsfocusglobal.com\\\/#website\",\"url\":\"https:\\\/\\\/nsfocusglobal.com\\\/\",\"name\":\"NSFOCUS\",\"description\":\"Security Made Smart and Simple\",\"publisher\":{\"@id\":\"https:\\\/\\\/nsfocusglobal.com\\\/#organization\"},\"potentialAction\":[{\"@type\":\"SearchAction\",\"target\":{\"@type\":\"EntryPoint\",\"urlTemplate\":\"https:\\\/\\\/nsfocusglobal.com\\\/?s={search_term_string}\"},\"query-input\":{\"@type\":\"PropertyValueSpecification\",\"valueRequired\":true,\"valueName\":\"search_term_string\"}}],\"inLanguage\":\"pt-BR\"},{\"@type\":\"Organization\",\"@id\":\"https:\\\/\\\/nsfocusglobal.com\\\/#organization\",\"name\":\"NSFOCUS\",\"url\":\"https:\\\/\\\/nsfocusglobal.com\\\/\",\"logo\":{\"@type\":\"ImageObject\",\"inLanguage\":\"pt-BR\",\"@id\":\"https:\\\/\\\/nsfocusglobal.com\\\/#\\\/schema\\\/logo\\\/image\\\/\",\"url\":\"https:\\\/\\\/nsfocusglobal.com\\\/wp-content\\\/uploads\\\/2024\\\/08\\\/logo-ns.png\",\"contentUrl\":\"https:\\\/\\\/nsfocusglobal.com\\\/wp-content\\\/uploads\\\/2024\\\/08\\\/logo-ns.png\",\"width\":248,\"height\":36,\"caption\":\"NSFOCUS\"},\"image\":{\"@id\":\"https:\\\/\\\/nsfocusglobal.com\\\/#\\\/schema\\\/logo\\\/image\\\/\"}}]}<\/script>\n<!-- \/ Yoast SEO plugin. -->","yoast_head_json":{"title":"Sobre | NSFOCUS","description":"NSFOCUS provides enterprise-level network security solutions and services to the Americas, Europe, the Middle East, and Asia Pacific.","robots":{"index":"index","follow":"follow","max-snippet":"max-snippet:-1","max-image-preview":"max-image-preview:large","max-video-preview":"max-video-preview:-1"},"canonical":"https:\/\/nsfocusglobal.com\/pt-br\/sobre\/","og_locale":"pt_BR","og_type":"article","og_title":"Sobre | NSFOCUS","og_description":"NSFOCUS provides enterprise-level network security solutions and services to the Americas, Europe, the Middle East, and Asia Pacific.","og_url":"https:\/\/nsfocusglobal.com\/pt-br\/sobre\/","og_site_name":"NSFOCUS","article_modified_time":"2026-01-08T09:03:21+00:00","og_image":[{"url":"https:\/\/nsfocusglobal.com\/wp-content\/uploads\/2023\/03\/1-2.png","type":"","width":"","height":""}],"twitter_card":"summary_large_image","twitter_title":"Sobre | NSFOCUS","twitter_description":"NSFOCUS provides enterprise-level network security solutions and services to the Americas, Europe, the Middle East, and Asia Pacific.","twitter_image":"https:\/\/nsfocusglobal.com\/wp-content\/uploads\/2023\/03\/1-2.png","twitter_misc":{"Est. tempo de leitura":"2 minutos"},"schema":{"@context":"https:\/\/schema.org","@graph":[{"@type":"WebPage","@id":"https:\/\/nsfocusglobal.com\/pt-br\/sobre\/","url":"https:\/\/nsfocusglobal.com\/pt-br\/sobre\/","name":"Sobre | NSFOCUS","isPartOf":{"@id":"https:\/\/nsfocusglobal.com\/#website"},"primaryImageOfPage":{"@id":"https:\/\/nsfocusglobal.com\/pt-br\/sobre\/#primaryimage"},"image":{"@id":"https:\/\/nsfocusglobal.com\/pt-br\/sobre\/#primaryimage"},"thumbnailUrl":"https:\/\/nsfocusglobal.com\/wp-content\/uploads\/2023\/03\/1-2.png","datePublished":"2021-06-28T06:00:20+00:00","dateModified":"2026-01-08T09:03:21+00:00","description":"NSFOCUS provides enterprise-level network security solutions and services to the Americas, Europe, the Middle East, and Asia Pacific.","breadcrumb":{"@id":"https:\/\/nsfocusglobal.com\/pt-br\/sobre\/#breadcrumb"},"inLanguage":"pt-BR","potentialAction":[{"@type":"ReadAction","target":["https:\/\/nsfocusglobal.com\/pt-br\/sobre\/"]}]},{"@type":"ImageObject","inLanguage":"pt-BR","@id":"https:\/\/nsfocusglobal.com\/pt-br\/sobre\/#primaryimage","url":"https:\/\/nsfocusglobal.com\/wp-content\/uploads\/2023\/03\/1-2.png","contentUrl":"https:\/\/nsfocusglobal.com\/wp-content\/uploads\/2023\/03\/1-2.png","width":1841,"height":675,"caption":"Network administration hot standby function interface."},{"@type":"BreadcrumbList","@id":"https:\/\/nsfocusglobal.com\/pt-br\/sobre\/#breadcrumb","itemListElement":[{"@type":"ListItem","position":1,"name":"Home","item":"https:\/\/nsfocusglobal.com\/"},{"@type":"ListItem","position":2,"name":"Sobre"}]},{"@type":"WebSite","@id":"https:\/\/nsfocusglobal.com\/#website","url":"https:\/\/nsfocusglobal.com\/","name":"NSFOCUS","description":"Security Made Smart and Simple","publisher":{"@id":"https:\/\/nsfocusglobal.com\/#organization"},"potentialAction":[{"@type":"SearchAction","target":{"@type":"EntryPoint","urlTemplate":"https:\/\/nsfocusglobal.com\/?s={search_term_string}"},"query-input":{"@type":"PropertyValueSpecification","valueRequired":true,"valueName":"search_term_string"}}],"inLanguage":"pt-BR"},{"@type":"Organization","@id":"https:\/\/nsfocusglobal.com\/#organization","name":"NSFOCUS","url":"https:\/\/nsfocusglobal.com\/","logo":{"@type":"ImageObject","inLanguage":"pt-BR","@id":"https:\/\/nsfocusglobal.com\/#\/schema\/logo\/image\/","url":"https:\/\/nsfocusglobal.com\/wp-content\/uploads\/2024\/08\/logo-ns.png","contentUrl":"https:\/\/nsfocusglobal.com\/wp-content\/uploads\/2024\/08\/logo-ns.png","width":248,"height":36,"caption":"NSFOCUS"},"image":{"@id":"https:\/\/nsfocusglobal.com\/#\/schema\/logo\/image\/"}}]}},"_links":{"self":[{"href":"https:\/\/nsfocusglobal.com\/pt-br\/wp-json\/wp\/v2\/pages\/13500","targetHints":{"allow":["GET"]}}],"collection":[{"href":"https:\/\/nsfocusglobal.com\/pt-br\/wp-json\/wp\/v2\/pages"}],"about":[{"href":"https:\/\/nsfocusglobal.com\/pt-br\/wp-json\/wp\/v2\/types\/page"}],"author":[{"embeddable":true,"href":"https:\/\/nsfocusglobal.com\/pt-br\/wp-json\/wp\/v2\/users\/1"}],"replies":[{"embeddable":true,"href":"https:\/\/nsfocusglobal.com\/pt-br\/wp-json\/wp\/v2\/comments?post=13500"}],"version-history":[{"count":4,"href":"https:\/\/nsfocusglobal.com\/pt-br\/wp-json\/wp\/v2\/pages\/13500\/revisions"}],"predecessor-version":[{"id":34136,"href":"https:\/\/nsfocusglobal.com\/pt-br\/wp-json\/wp\/v2\/pages\/13500\/revisions\/34136"}],"wp:featuredmedia":[{"embeddable":true,"href":"https:\/\/nsfocusglobal.com\/pt-br\/wp-json\/wp\/v2\/media\/23509"}],"wp:attachment":[{"href":"https:\/\/nsfocusglobal.com\/pt-br\/wp-json\/wp\/v2\/media?parent=13500"}],"curies":[{"name":"wp","href":"https:\/\/api.w.org\/{rel}","templated":true}]}}