{"id":13498,"date":"2021-06-28T06:00:51","date_gmt":"2021-06-28T06:00:51","guid":{"rendered":"https:\/\/nsfocusglobal.com\/time-de-gerenciamento\/"},"modified":"2026-04-17T18:07:46","modified_gmt":"2026-04-17T18:07:46","slug":"time-de-gerenciamento","status":"publish","type":"page","link":"https:\/\/nsfocusglobal.com\/pt-br\/time-de-gerenciamento\/","title":{"rendered":"Time de Gerenciamento"},"content":{"rendered":"\t\t<div data-elementor-type=\"wp-page\" data-elementor-id=\"13498\" class=\"elementor elementor-13498\" data-elementor-post-type=\"page\">\n\t\t\t\t\t\t<section data-dce-background-color=\"#F8F8F8\" data-dce-background-image-url=\"https:\/\/nsfocusglobal.com\/wp-content\/uploads\/2024\/11\/qtq80-UzJDxW.jpeg\" class=\"has_ae_slider elementor-section elementor-top-section elementor-element elementor-element-256d9a9e elementor-section-boxed elementor-section-height-default elementor-section-height-default ae-bg-gallery-type-default\" data-id=\"256d9a9e\" data-element_type=\"section\" data-settings=\"{&quot;background_background&quot;:&quot;classic&quot;}\">\n\t\t\t\t\t\t\t<div class=\"elementor-background-overlay\"><\/div>\n\t\t\t\t\t\t\t<div class=\"elementor-container elementor-column-gap-no\">\n\t\t\t\t\t<div class=\"has_ae_slider elementor-column elementor-col-100 elementor-top-column elementor-element elementor-element-7c0dbd15 ae-bg-gallery-type-default\" data-id=\"7c0dbd15\" data-element_type=\"column\">\n\t\t\t<div class=\"elementor-widget-wrap elementor-element-populated\">\n\t\t\t\t\t\t<div class=\"elementor-element elementor-element-6c55de9c elementor-widget elementor-widget-heading\" data-id=\"6c55de9c\" data-element_type=\"widget\" data-widget_type=\"heading.default\">\n\t\t\t\t<div class=\"elementor-widget-container\">\n\t\t\t\t\t<h2 class=\"elementor-heading-title elementor-size-default\">GESTORES NSFOCUS NO MUNDO<\/h2>\t\t\t\t<\/div>\n\t\t\t\t<\/div>\n\t\t\t\t\t<\/div>\n\t\t<\/div>\n\t\t\t\t\t<\/div>\n\t\t<\/section>\n\t\t\t\t<section data-dce-background-color=\"#FFFFFF\" class=\"has_ae_slider elementor-section elementor-top-section elementor-element elementor-element-e30b678 elementor-section-full_width elementor-section-stretched elementor-section-height-default elementor-section-height-default ae-bg-gallery-type-default\" data-id=\"e30b678\" data-element_type=\"section\" data-settings=\"{&quot;stretch_section&quot;:&quot;section-stretched&quot;,&quot;background_background&quot;:&quot;classic&quot;}\">\n\t\t\t\t\t\t<div class=\"elementor-container elementor-column-gap-no\">\n\t\t\t\t\t<div class=\"has_ae_slider elementor-column elementor-col-100 elementor-top-column elementor-element elementor-element-74e58668 ae-bg-gallery-type-default\" data-id=\"74e58668\" data-element_type=\"column\">\n\t\t\t<div class=\"elementor-widget-wrap elementor-element-populated\">\n\t\t\t\t\t\t<section class=\"has_ae_slider elementor-section elementor-inner-section elementor-element elementor-element-3c938621 elementor-section-content-middle elementor-section-boxed elementor-section-height-default elementor-section-height-default ae-bg-gallery-type-default\" data-id=\"3c938621\" data-element_type=\"section\">\n\t\t\t\t\t\t<div class=\"elementor-container elementor-column-gap-no\">\n\t\t\t\t\t<div class=\"has_ae_slider elementor-column elementor-col-50 elementor-inner-column elementor-element elementor-element-172f65a4 ae-bg-gallery-type-default elementor-invisible\" data-id=\"172f65a4\" data-element_type=\"column\" data-settings=\"{&quot;animation&quot;:&quot;fadeInLeft&quot;}\">\n\t\t\t<div class=\"elementor-widget-wrap elementor-element-populated\">\n\t\t\t\t\t\t<div class=\"elementor-element elementor-element-63410f9a dce_masking-none elementor-widget elementor-widget-image\" data-id=\"63410f9a\" data-element_type=\"widget\" data-settings=\"{&quot;motion_fx_motion_fx_mouse&quot;:&quot;yes&quot;,&quot;motion_fx_mouseTrack_effect&quot;:&quot;yes&quot;,&quot;motion_fx_mouseTrack_speed&quot;:{&quot;unit&quot;:&quot;px&quot;,&quot;size&quot;:0.2,&quot;sizes&quot;:[]},&quot;motion_fx_tilt_effect&quot;:&quot;yes&quot;,&quot;motion_fx_tilt_speed&quot;:{&quot;unit&quot;:&quot;px&quot;,&quot;size&quot;:1,&quot;sizes&quot;:[]}}\" data-widget_type=\"image.default\">\n\t\t\t\t<div class=\"elementor-widget-container\">\n\t\t\t\t\t\t\t\t\t\t\t\t\t\t\t<img decoding=\"async\" width=\"153\" height=\"180\" src=\"https:\/\/nsfocusglobal.com\/wp-content\/uploads\/2017\/01\/jiye_shen_nsfocus.jpg\" class=\"attachment-full size-full wp-image-5158\" alt=\"Man in dark shirt, neutral background.\" \/>\t\t\t\t\t\t\t\t\t\t\t\t\t\t\t<\/div>\n\t\t\t\t<\/div>\n\t\t\t\t\t<\/div>\n\t\t<\/div>\n\t\t\t\t<div class=\"has_ae_slider elementor-column elementor-col-50 elementor-inner-column elementor-element elementor-element-4981d9be ae-bg-gallery-type-default elementor-invisible\" data-id=\"4981d9be\" data-element_type=\"column\" data-settings=\"{&quot;animation&quot;:&quot;fadeInRight&quot;}\">\n\t\t\t<div class=\"elementor-widget-wrap elementor-element-populated\">\n\t\t\t\t\t\t<div data-dce-title-color=\"#000000\" class=\"elementor-element elementor-element-108549e6 elementor-widget elementor-widget-heading\" data-id=\"108549e6\" data-element_type=\"widget\" data-widget_type=\"heading.default\">\n\t\t\t\t<div class=\"elementor-widget-container\">\n\t\t\t\t\t<h3 class=\"elementor-heading-title elementor-size-default\">Jiye Shen<\/h3>\t\t\t\t<\/div>\n\t\t\t\t<\/div>\n\t\t\t\t<div data-dce-title-color=\"#4B4B4B\" class=\"elementor-element elementor-element-5ad0c3d1 elementor-widget elementor-widget-heading\" data-id=\"5ad0c3d1\" data-element_type=\"widget\" data-widget_type=\"heading.default\">\n\t\t\t\t<div class=\"elementor-widget-container\">\n\t\t\t\t\t<h4 class=\"elementor-heading-title elementor-size-default\">Co-founder<\/h4>\t\t\t\t<\/div>\n\t\t\t\t<\/div>\n\t\t\t\t<div data-dce-text-color=\"#4B4B4B\" class=\"elementor-element elementor-element-d4129f9 elementor-widget elementor-widget-text-editor\" data-id=\"d4129f9\" data-element_type=\"widget\" data-widget_type=\"text-editor.default\">\n\t\t\t\t<div class=\"elementor-widget-container\">\n\t\t\t\t\t\t\t\t\t<p>Com mais de 25 anos de experi\u00eancia global em tecnologia, Jiye Shen fundou a NSFOCUS no ano 2000 e levou a empresa a se tornar uma l\u00edder global no fornecimento de solu\u00e7\u00f5es de seguran\u00e7a de rede. Com um time de especialistas altamente capacitados em pesquisas e desenvolvimento que fornecem intelig\u00eancia contra amea\u00e7as globais, auxilia os clientes a manterem altos n\u00edveis de opera\u00e7\u00f5es, garantindo disponibilidade aos servi\u00e7os. Antes da NSFOCUS, ocupou cargos como alto executivo na XinTech, Zhiy Technology e TianH Networks. Jiye \u00e9 formado pela Universidade de Tsinghua, mesma institui\u00e7\u00e3o onde cursou seu MBA.<\/p>\t\t\t\t\t\t\t\t<\/div>\n\t\t\t\t<\/div>\n\t\t\t\t\t<\/div>\n\t\t<\/div>\n\t\t\t\t\t<\/div>\n\t\t<\/section>\n\t\t\t\t<div class=\"elementor-element elementor-element-129a6658 elementor-widget elementor-widget-spacer\" data-id=\"129a6658\" data-element_type=\"widget\" data-widget_type=\"spacer.default\">\n\t\t\t\t<div class=\"elementor-widget-container\">\n\t\t\t\t\t\t\t<div class=\"elementor-spacer\">\n\t\t\t<div class=\"elementor-spacer-inner\"><\/div>\n\t\t<\/div>\n\t\t\t\t\t\t<\/div>\n\t\t\t\t<\/div>\n\t\t\t\t<section class=\"has_ae_slider elementor-section elementor-inner-section elementor-element elementor-element-63d73eaf elementor-section-content-middle elementor-section-boxed elementor-section-height-default elementor-section-height-default ae-bg-gallery-type-default\" data-id=\"63d73eaf\" data-element_type=\"section\">\n\t\t\t\t\t\t<div class=\"elementor-container elementor-column-gap-no\">\n\t\t\t\t\t<div class=\"has_ae_slider elementor-column elementor-col-50 elementor-inner-column elementor-element elementor-element-17d2d384 ae-bg-gallery-type-default elementor-invisible\" data-id=\"17d2d384\" data-element_type=\"column\" data-settings=\"{&quot;animation&quot;:&quot;fadeInLeft&quot;}\">\n\t\t\t<div class=\"elementor-widget-wrap elementor-element-populated\">\n\t\t\t\t\t\t<div class=\"elementor-element elementor-element-473bb644 dce_masking-none elementor-widget elementor-widget-image\" data-id=\"473bb644\" data-element_type=\"widget\" data-settings=\"{&quot;motion_fx_motion_fx_mouse&quot;:&quot;yes&quot;,&quot;motion_fx_mouseTrack_effect&quot;:&quot;yes&quot;,&quot;motion_fx_mouseTrack_speed&quot;:{&quot;unit&quot;:&quot;px&quot;,&quot;size&quot;:0.2,&quot;sizes&quot;:[]},&quot;motion_fx_tilt_effect&quot;:&quot;yes&quot;,&quot;motion_fx_tilt_speed&quot;:{&quot;unit&quot;:&quot;px&quot;,&quot;size&quot;:1,&quot;sizes&quot;:[]}}\" data-widget_type=\"image.default\">\n\t\t\t\t<div class=\"elementor-widget-container\">\n\t\t\t\t\t\t\t\t\t\t\t\t\t\t\t<img decoding=\"async\" width=\"153\" height=\"180\" src=\"https:\/\/nsfocusglobal.com\/wp-content\/uploads\/2016\/09\/richard.jpg\" class=\"attachment-full size-full wp-image-3657\" alt=\"Man wearing glasses, outdoors with trees background.\" \/>\t\t\t\t\t\t\t\t\t\t\t\t\t\t\t<\/div>\n\t\t\t\t<\/div>\n\t\t\t\t\t<\/div>\n\t\t<\/div>\n\t\t\t\t<div class=\"has_ae_slider elementor-column elementor-col-50 elementor-inner-column elementor-element elementor-element-25447355 ae-bg-gallery-type-default elementor-invisible\" data-id=\"25447355\" data-element_type=\"column\" data-settings=\"{&quot;animation&quot;:&quot;fadeInRight&quot;}\">\n\t\t\t<div class=\"elementor-widget-wrap elementor-element-populated\">\n\t\t\t\t\t\t<div data-dce-title-color=\"#000000\" class=\"elementor-element elementor-element-2074ebe3 elementor-widget elementor-widget-heading\" data-id=\"2074ebe3\" data-element_type=\"widget\" data-widget_type=\"heading.default\">\n\t\t\t\t<div class=\"elementor-widget-container\">\n\t\t\t\t\t<h3 class=\"elementor-heading-title elementor-size-default\">Dr. Richard Zhao<\/h3>\t\t\t\t<\/div>\n\t\t\t\t<\/div>\n\t\t\t\t<div data-dce-title-color=\"#4B4B4B\" class=\"elementor-element elementor-element-7255dfaf elementor-widget elementor-widget-heading\" data-id=\"7255dfaf\" data-element_type=\"widget\" data-widget_type=\"heading.default\">\n\t\t\t\t<div class=\"elementor-widget-container\">\n\t\t\t\t\t<h4 class=\"elementor-heading-title elementor-size-default\">Diretor de Opera\u00e7\u00f5es e Neg\u00f3cios Internacionais<\/h4>\t\t\t\t<\/div>\n\t\t\t\t<\/div>\n\t\t\t\t<div data-dce-text-color=\"#4B4B4B\" class=\"elementor-element elementor-element-6f7c01a5 elementor-widget elementor-widget-text-editor\" data-id=\"6f7c01a5\" data-element_type=\"widget\" data-widget_type=\"text-editor.default\">\n\t\t\t\t<div class=\"elementor-widget-container\">\n\t\t\t\t\t\t\t\t\t<p>Dr. Richard Zhao tem mais de 19 anos de experi\u00eancia em telecomunica\u00e7\u00f5es e seguran\u00e7a de rede, certificado pelo CISSP, ITIL e BS7799. Antes de ingressar na NSFOCUS, em setembro de 2009, foi Diretor de Opera\u00e7\u00f5es de Arquitetura e Seguran\u00e7a da Lenovo. Tamb\u00e9m trabalhou para a Computer Associates como Consultor Principal na China, entre 2003 e 2006. Anteriormente, foi Diretor de Estrat\u00e9gia na iS-One, respons\u00e1vel por P&amp;D e servi\u00e7os de consultoria de seguran\u00e7a. Entre 1997 a 2000, fez parte do time da China Telecom, como Chefe de Assuntos de Seguran\u00e7a de Rede. Dr. Zhao obteve Ph.D. pela Peking University, com especializa\u00e7\u00e3o em f\u00edsica e eletr\u00f4nica.<\/p>\t\t\t\t\t\t\t\t<\/div>\n\t\t\t\t<\/div>\n\t\t\t\t\t<\/div>\n\t\t<\/div>\n\t\t\t\t\t<\/div>\n\t\t<\/section>\n\t\t\t\t<div class=\"elementor-element elementor-element-ce7042d elementor-widget elementor-widget-spacer\" data-id=\"ce7042d\" data-element_type=\"widget\" data-widget_type=\"spacer.default\">\n\t\t\t\t<div class=\"elementor-widget-container\">\n\t\t\t\t\t\t\t<div class=\"elementor-spacer\">\n\t\t\t<div class=\"elementor-spacer-inner\"><\/div>\n\t\t<\/div>\n\t\t\t\t\t\t<\/div>\n\t\t\t\t<\/div>\n\t\t\t\t<section class=\"has_ae_slider elementor-section elementor-inner-section elementor-element elementor-element-70b9be28 elementor-section-content-middle elementor-section-boxed elementor-section-height-default elementor-section-height-default ae-bg-gallery-type-default\" data-id=\"70b9be28\" data-element_type=\"section\">\n\t\t\t\t\t\t<div class=\"elementor-container elementor-column-gap-no\">\n\t\t\t\t\t<div class=\"has_ae_slider elementor-column elementor-col-50 elementor-inner-column elementor-element elementor-element-5f7d64c1 ae-bg-gallery-type-default elementor-invisible\" data-id=\"5f7d64c1\" data-element_type=\"column\" data-settings=\"{&quot;animation&quot;:&quot;fadeInLeft&quot;}\">\n\t\t\t<div class=\"elementor-widget-wrap elementor-element-populated\">\n\t\t\t\t\t\t<div class=\"elementor-element elementor-element-37ac42b9 dce_masking-none elementor-widget elementor-widget-image\" data-id=\"37ac42b9\" data-element_type=\"widget\" data-settings=\"{&quot;motion_fx_motion_fx_mouse&quot;:&quot;yes&quot;,&quot;motion_fx_mouseTrack_effect&quot;:&quot;yes&quot;,&quot;motion_fx_mouseTrack_speed&quot;:{&quot;unit&quot;:&quot;px&quot;,&quot;size&quot;:0.2,&quot;sizes&quot;:[]},&quot;motion_fx_tilt_effect&quot;:&quot;yes&quot;,&quot;motion_fx_tilt_speed&quot;:{&quot;unit&quot;:&quot;px&quot;,&quot;size&quot;:1,&quot;sizes&quot;:[]}}\" data-widget_type=\"image.default\">\n\t\t\t\t<div class=\"elementor-widget-container\">\n\t\t\t\t\t\t\t\t\t\t\t\t\t\t\t<img decoding=\"async\" width=\"153\" height=\"179\" src=\"https:\/\/nsfocusglobal.com\/wp-content\/uploads\/2016\/06\/LuSun.jpg\" class=\"attachment-full size-full wp-image-2768\" alt=\"Person in glasses with dark hair, smiling.\" \/>\t\t\t\t\t\t\t\t\t\t\t\t\t\t\t<\/div>\n\t\t\t\t<\/div>\n\t\t\t\t\t<\/div>\n\t\t<\/div>\n\t\t\t\t<div class=\"has_ae_slider elementor-column elementor-col-50 elementor-inner-column elementor-element elementor-element-623a07a7 ae-bg-gallery-type-default elementor-invisible\" data-id=\"623a07a7\" data-element_type=\"column\" data-settings=\"{&quot;animation&quot;:&quot;fadeInRight&quot;}\">\n\t\t\t<div class=\"elementor-widget-wrap elementor-element-populated\">\n\t\t\t\t\t\t<div data-dce-title-color=\"#000000\" class=\"elementor-element elementor-element-610a18c0 elementor-widget elementor-widget-heading\" data-id=\"610a18c0\" data-element_type=\"widget\" data-widget_type=\"heading.default\">\n\t\t\t\t<div class=\"elementor-widget-container\">\n\t\t\t\t\t<h3 class=\"elementor-heading-title elementor-size-default\">Lu Sun<\/h3>\t\t\t\t<\/div>\n\t\t\t\t<\/div>\n\t\t\t\t<div data-dce-title-color=\"#4B4B4B\" class=\"elementor-element elementor-element-382f3efc elementor-widget elementor-widget-heading\" data-id=\"382f3efc\" data-element_type=\"widget\" data-widget_type=\"heading.default\">\n\t\t\t\t<div class=\"elementor-widget-container\">\n\t\t\t\t\t<h4 class=\"elementor-heading-title elementor-size-default\">Vice-Presidente de Finan\u00e7as<\/h4>\t\t\t\t<\/div>\n\t\t\t\t<\/div>\n\t\t\t\t<div data-dce-text-color=\"#4B4B4B\" class=\"elementor-element elementor-element-7fb285dd elementor-widget elementor-widget-text-editor\" data-id=\"7fb285dd\" data-element_type=\"widget\" data-widget_type=\"text-editor.default\">\n\t\t\t\t<div class=\"elementor-widget-container\">\n\t\t\t\t\t\t\t\t\t<p>Lu Sun traz para a NSFOCUS mais de 20 anos de experi\u00eancia em contabilidade, finan\u00e7as e opera\u00e7\u00f5es de vendas, trabalhando em empresas pr\u00e9-IPO e bem estabelecidas em alta tecnologia em semicondutores, seguran\u00e7a de rede e licen\u00e7as de software e ind\u00fastrias baseadas em nuvem, com sede no Vale do Sil\u00edcio e em Xangai. Entre as empresas que passou, est\u00e3o a AMD-Spansion e FireEye, onde trabalhou em todas as fases das opera\u00e7\u00f5es cont\u00e1beis, an\u00e1lise de financiamento, previs\u00e3o, gerenciamento de or\u00e7amento e vendas gerenciadas na APAC. A executiva recebeu seu MBA pela San Jose State University, com \u00eanfase em Contabilidade e Finan\u00e7as, e se formou em direito pela Ningbo University, com especializa\u00e7\u00e3o em Direito Corporativo.<\/p>\t\t\t\t\t\t\t\t<\/div>\n\t\t\t\t<\/div>\n\t\t\t\t\t<\/div>\n\t\t<\/div>\n\t\t\t\t\t<\/div>\n\t\t<\/section>\n\t\t\t\t\t<\/div>\n\t\t<\/div>\n\t\t\t\t\t<\/div>\n\t\t<\/section>\n\t\t\t\t<\/div>\n\t\t","protected":false},"excerpt":{"rendered":"<p>GESTORES NSFOCUS NO MUNDO Jiye Shen Co-founder Com mais de 25 anos de experi&Atilde;&ordf;ncia global em tecnologia, Jiye Shen fundou a NSFOCUS no ano 2000 e levou a empresa a se tornar uma l&Atilde;&shy;der global no fornecimento de solu&Atilde;&sect;&Atilde;&micro;es de seguran&Atilde;&sect;a de rede. Com um time de especialistas altamente capacitados em pesquisas e desenvolvimento que [&hellip;]<\/p>\n","protected":false},"author":1,"featured_media":35790,"parent":0,"menu_order":121,"comment_status":"closed","ping_status":"closed","template":"","meta":{"_acf_changed":false,"_coblocks_attr":"","_coblocks_dimensions":"","_coblocks_responsive_height":"","_coblocks_accordion_ie_support":"","footnotes":""},"class_list":["post-13498","page","type-page","status-publish","has-post-thumbnail","hentry"],"acf":[],"yoast_head":"<!-- This site is optimized with the Yoast SEO plugin v27.6 - https:\/\/yoast.com\/product\/yoast-seo-wordpress\/ -->\n<title>Time de Gerenciamento | NSFOCUS<\/title>\n<meta name=\"description\" content=\"The NSFOCUS International Business Division (IBD) management team&#039;s goal is customer success.\" \/>\n<meta name=\"robots\" content=\"index, follow, max-snippet:-1, max-image-preview:large, max-video-preview:-1\" \/>\n<link rel=\"canonical\" href=\"https:\/\/nsfocusglobal.com\/pt-br\/time-de-gerenciamento\/\" \/>\n<meta property=\"og:locale\" content=\"pt_BR\" \/>\n<meta property=\"og:type\" content=\"article\" \/>\n<meta property=\"og:title\" content=\"Time de Gerenciamento | NSFOCUS\" \/>\n<meta property=\"og:description\" content=\"The NSFOCUS International Business Division (IBD) management team&#039;s goal is customer success.\" \/>\n<meta property=\"og:url\" content=\"https:\/\/nsfocusglobal.com\/pt-br\/time-de-gerenciamento\/\" \/>\n<meta property=\"og:site_name\" content=\"NSFOCUS\" \/>\n<meta property=\"article:modified_time\" content=\"2026-04-17T18:07:46+00:00\" \/>\n<meta property=\"og:image\" content=\"https:\/\/nsfocusglobal.com\/wp-content\/uploads\/2021\/06\/jiye_shen_nsfocus.jpg\" \/>\n<meta name=\"twitter:card\" content=\"summary_large_image\" \/>\n<meta name=\"twitter:title\" content=\"Time de Gerenciamento | NSFOCUS\" \/>\n<meta name=\"twitter:description\" content=\"The NSFOCUS International Business Division (IBD) management team&#039;s goal is customer success.\" \/>\n<meta name=\"twitter:image\" content=\"https:\/\/nsfocusglobal.com\/wp-content\/uploads\/2021\/06\/jiye_shen_nsfocus.jpg\" \/>\n<meta name=\"twitter:label1\" content=\"Est. tempo de leitura\" \/>\n\t<meta name=\"twitter:data1\" content=\"2 minutos\" \/>\n<script type=\"application\/ld+json\" class=\"yoast-schema-graph\">{\"@context\":\"https:\\\/\\\/schema.org\",\"@graph\":[{\"@type\":\"WebPage\",\"@id\":\"https:\\\/\\\/nsfocusglobal.com\\\/pt-br\\\/time-de-gerenciamento\\\/\",\"url\":\"https:\\\/\\\/nsfocusglobal.com\\\/pt-br\\\/time-de-gerenciamento\\\/\",\"name\":\"Time de Gerenciamento | NSFOCUS\",\"isPartOf\":{\"@id\":\"https:\\\/\\\/nsfocusglobal.com\\\/#website\"},\"primaryImageOfPage\":{\"@id\":\"https:\\\/\\\/nsfocusglobal.com\\\/pt-br\\\/time-de-gerenciamento\\\/#primaryimage\"},\"image\":{\"@id\":\"https:\\\/\\\/nsfocusglobal.com\\\/pt-br\\\/time-de-gerenciamento\\\/#primaryimage\"},\"thumbnailUrl\":\"https:\\\/\\\/nsfocusglobal.com\\\/wp-content\\\/uploads\\\/2021\\\/06\\\/jiye_shen_nsfocus.jpg\",\"datePublished\":\"2021-06-28T06:00:51+00:00\",\"dateModified\":\"2026-04-17T18:07:46+00:00\",\"description\":\"The NSFOCUS International Business Division (IBD) management team's goal is customer success.\",\"breadcrumb\":{\"@id\":\"https:\\\/\\\/nsfocusglobal.com\\\/pt-br\\\/time-de-gerenciamento\\\/#breadcrumb\"},\"inLanguage\":\"pt-BR\",\"potentialAction\":[{\"@type\":\"ReadAction\",\"target\":[\"https:\\\/\\\/nsfocusglobal.com\\\/pt-br\\\/time-de-gerenciamento\\\/\"]}]},{\"@type\":\"ImageObject\",\"inLanguage\":\"pt-BR\",\"@id\":\"https:\\\/\\\/nsfocusglobal.com\\\/pt-br\\\/time-de-gerenciamento\\\/#primaryimage\",\"url\":\"https:\\\/\\\/nsfocusglobal.com\\\/wp-content\\\/uploads\\\/2021\\\/06\\\/jiye_shen_nsfocus.jpg\",\"contentUrl\":\"https:\\\/\\\/nsfocusglobal.com\\\/wp-content\\\/uploads\\\/2021\\\/06\\\/jiye_shen_nsfocus.jpg\",\"width\":153,\"height\":180},{\"@type\":\"BreadcrumbList\",\"@id\":\"https:\\\/\\\/nsfocusglobal.com\\\/pt-br\\\/time-de-gerenciamento\\\/#breadcrumb\",\"itemListElement\":[{\"@type\":\"ListItem\",\"position\":1,\"name\":\"Home\",\"item\":\"https:\\\/\\\/nsfocusglobal.com\\\/\"},{\"@type\":\"ListItem\",\"position\":2,\"name\":\"Time de Gerenciamento\"}]},{\"@type\":\"WebSite\",\"@id\":\"https:\\\/\\\/nsfocusglobal.com\\\/#website\",\"url\":\"https:\\\/\\\/nsfocusglobal.com\\\/\",\"name\":\"NSFOCUS\",\"description\":\"Security Made Smart and Simple\",\"publisher\":{\"@id\":\"https:\\\/\\\/nsfocusglobal.com\\\/#organization\"},\"potentialAction\":[{\"@type\":\"SearchAction\",\"target\":{\"@type\":\"EntryPoint\",\"urlTemplate\":\"https:\\\/\\\/nsfocusglobal.com\\\/?s={search_term_string}\"},\"query-input\":{\"@type\":\"PropertyValueSpecification\",\"valueRequired\":true,\"valueName\":\"search_term_string\"}}],\"inLanguage\":\"pt-BR\"},{\"@type\":\"Organization\",\"@id\":\"https:\\\/\\\/nsfocusglobal.com\\\/#organization\",\"name\":\"NSFOCUS\",\"url\":\"https:\\\/\\\/nsfocusglobal.com\\\/\",\"logo\":{\"@type\":\"ImageObject\",\"inLanguage\":\"pt-BR\",\"@id\":\"https:\\\/\\\/nsfocusglobal.com\\\/#\\\/schema\\\/logo\\\/image\\\/\",\"url\":\"https:\\\/\\\/nsfocusglobal.com\\\/wp-content\\\/uploads\\\/2024\\\/08\\\/logo-ns.png\",\"contentUrl\":\"https:\\\/\\\/nsfocusglobal.com\\\/wp-content\\\/uploads\\\/2024\\\/08\\\/logo-ns.png\",\"width\":248,\"height\":36,\"caption\":\"NSFOCUS\"},\"image\":{\"@id\":\"https:\\\/\\\/nsfocusglobal.com\\\/#\\\/schema\\\/logo\\\/image\\\/\"}}]}<\/script>\n<!-- \/ Yoast SEO plugin. -->","yoast_head_json":{"title":"Time de Gerenciamento | NSFOCUS","description":"The NSFOCUS International Business Division (IBD) management team's goal is customer success.","robots":{"index":"index","follow":"follow","max-snippet":"max-snippet:-1","max-image-preview":"max-image-preview:large","max-video-preview":"max-video-preview:-1"},"canonical":"https:\/\/nsfocusglobal.com\/pt-br\/time-de-gerenciamento\/","og_locale":"pt_BR","og_type":"article","og_title":"Time de Gerenciamento | NSFOCUS","og_description":"The NSFOCUS International Business Division (IBD) management team&#039;s goal is customer success.","og_url":"https:\/\/nsfocusglobal.com\/pt-br\/time-de-gerenciamento\/","og_site_name":"NSFOCUS","article_modified_time":"2026-04-17T18:07:46+00:00","og_image":[{"url":"https:\/\/nsfocusglobal.com\/wp-content\/uploads\/2021\/06\/jiye_shen_nsfocus.jpg","type":"","width":"","height":""}],"twitter_card":"summary_large_image","twitter_title":"Time de Gerenciamento | NSFOCUS","twitter_description":"The NSFOCUS International Business Division (IBD) management team&#039;s goal is customer success.","twitter_image":"https:\/\/nsfocusglobal.com\/wp-content\/uploads\/2021\/06\/jiye_shen_nsfocus.jpg","twitter_misc":{"Est. tempo de leitura":"2 minutos"},"schema":{"@context":"https:\/\/schema.org","@graph":[{"@type":"WebPage","@id":"https:\/\/nsfocusglobal.com\/pt-br\/time-de-gerenciamento\/","url":"https:\/\/nsfocusglobal.com\/pt-br\/time-de-gerenciamento\/","name":"Time de Gerenciamento | NSFOCUS","isPartOf":{"@id":"https:\/\/nsfocusglobal.com\/#website"},"primaryImageOfPage":{"@id":"https:\/\/nsfocusglobal.com\/pt-br\/time-de-gerenciamento\/#primaryimage"},"image":{"@id":"https:\/\/nsfocusglobal.com\/pt-br\/time-de-gerenciamento\/#primaryimage"},"thumbnailUrl":"https:\/\/nsfocusglobal.com\/wp-content\/uploads\/2021\/06\/jiye_shen_nsfocus.jpg","datePublished":"2021-06-28T06:00:51+00:00","dateModified":"2026-04-17T18:07:46+00:00","description":"The NSFOCUS International Business Division (IBD) management team's goal is customer success.","breadcrumb":{"@id":"https:\/\/nsfocusglobal.com\/pt-br\/time-de-gerenciamento\/#breadcrumb"},"inLanguage":"pt-BR","potentialAction":[{"@type":"ReadAction","target":["https:\/\/nsfocusglobal.com\/pt-br\/time-de-gerenciamento\/"]}]},{"@type":"ImageObject","inLanguage":"pt-BR","@id":"https:\/\/nsfocusglobal.com\/pt-br\/time-de-gerenciamento\/#primaryimage","url":"https:\/\/nsfocusglobal.com\/wp-content\/uploads\/2021\/06\/jiye_shen_nsfocus.jpg","contentUrl":"https:\/\/nsfocusglobal.com\/wp-content\/uploads\/2021\/06\/jiye_shen_nsfocus.jpg","width":153,"height":180},{"@type":"BreadcrumbList","@id":"https:\/\/nsfocusglobal.com\/pt-br\/time-de-gerenciamento\/#breadcrumb","itemListElement":[{"@type":"ListItem","position":1,"name":"Home","item":"https:\/\/nsfocusglobal.com\/"},{"@type":"ListItem","position":2,"name":"Time de Gerenciamento"}]},{"@type":"WebSite","@id":"https:\/\/nsfocusglobal.com\/#website","url":"https:\/\/nsfocusglobal.com\/","name":"NSFOCUS","description":"Security Made Smart and Simple","publisher":{"@id":"https:\/\/nsfocusglobal.com\/#organization"},"potentialAction":[{"@type":"SearchAction","target":{"@type":"EntryPoint","urlTemplate":"https:\/\/nsfocusglobal.com\/?s={search_term_string}"},"query-input":{"@type":"PropertyValueSpecification","valueRequired":true,"valueName":"search_term_string"}}],"inLanguage":"pt-BR"},{"@type":"Organization","@id":"https:\/\/nsfocusglobal.com\/#organization","name":"NSFOCUS","url":"https:\/\/nsfocusglobal.com\/","logo":{"@type":"ImageObject","inLanguage":"pt-BR","@id":"https:\/\/nsfocusglobal.com\/#\/schema\/logo\/image\/","url":"https:\/\/nsfocusglobal.com\/wp-content\/uploads\/2024\/08\/logo-ns.png","contentUrl":"https:\/\/nsfocusglobal.com\/wp-content\/uploads\/2024\/08\/logo-ns.png","width":248,"height":36,"caption":"NSFOCUS"},"image":{"@id":"https:\/\/nsfocusglobal.com\/#\/schema\/logo\/image\/"}}]}},"_links":{"self":[{"href":"https:\/\/nsfocusglobal.com\/pt-br\/wp-json\/wp\/v2\/pages\/13498","targetHints":{"allow":["GET"]}}],"collection":[{"href":"https:\/\/nsfocusglobal.com\/pt-br\/wp-json\/wp\/v2\/pages"}],"about":[{"href":"https:\/\/nsfocusglobal.com\/pt-br\/wp-json\/wp\/v2\/types\/page"}],"author":[{"embeddable":true,"href":"https:\/\/nsfocusglobal.com\/pt-br\/wp-json\/wp\/v2\/users\/1"}],"replies":[{"embeddable":true,"href":"https:\/\/nsfocusglobal.com\/pt-br\/wp-json\/wp\/v2\/comments?post=13498"}],"version-history":[{"count":7,"href":"https:\/\/nsfocusglobal.com\/pt-br\/wp-json\/wp\/v2\/pages\/13498\/revisions"}],"predecessor-version":[{"id":34150,"href":"https:\/\/nsfocusglobal.com\/pt-br\/wp-json\/wp\/v2\/pages\/13498\/revisions\/34150"}],"wp:featuredmedia":[{"embeddable":true,"href":"https:\/\/nsfocusglobal.com\/pt-br\/wp-json\/wp\/v2\/media\/35790"}],"wp:attachment":[{"href":"https:\/\/nsfocusglobal.com\/pt-br\/wp-json\/wp\/v2\/media?parent=13498"}],"curies":[{"name":"wp","href":"https:\/\/api.w.org\/{rel}","templated":true}]}}