{"id":13494,"date":"2021-06-28T06:00:44","date_gmt":"2021-06-28T06:00:44","guid":{"rendered":"https:\/\/nsfocusglobal.com\/nsfocus-laboratorios-de-seguranca\/"},"modified":"2026-04-17T18:07:46","modified_gmt":"2026-04-17T18:07:46","slug":"laboratorios-de-seguranca-nsfocus","status":"publish","type":"page","link":"https:\/\/nsfocusglobal.com\/pt-br\/laboratorios-de-seguranca-nsfocus\/","title":{"rendered":"NSFOCUS Security Labs"},"content":{"rendered":"\t\t<div data-elementor-type=\"wp-page\" data-elementor-id=\"13494\" class=\"elementor elementor-13494\" data-elementor-post-type=\"page\">\n\t\t\t\t\t\t<section data-dce-background-image-url=\"https:\/\/nsfocusglobal.com\/wp-content\/uploads\/2024\/11\/qtq80-IrLJvf.jpeg\" class=\"has_ae_slider elementor-section elementor-top-section elementor-element elementor-element-3d71a6ba elementor-section-height-min-height elementor-section-full_width elementor-section-height-default elementor-section-items-middle ae-bg-gallery-type-default\" data-id=\"3d71a6ba\" data-element_type=\"section\" data-settings=\"{&quot;background_background&quot;:&quot;classic&quot;}\">\n\t\t\t\t\t\t\t<div class=\"elementor-background-overlay\"><\/div>\n\t\t\t\t\t\t\t<div class=\"elementor-container elementor-column-gap-default\">\n\t\t\t\t\t<div class=\"has_ae_slider elementor-column elementor-col-100 elementor-top-column elementor-element elementor-element-250f0b6a ae-bg-gallery-type-default\" data-id=\"250f0b6a\" data-element_type=\"column\">\n\t\t\t<div class=\"elementor-widget-wrap elementor-element-populated\">\n\t\t\t\t\t\t<div class=\"elementor-element elementor-element-31654cc5 elementor-widget elementor-widget-heading\" data-id=\"31654cc5\" data-element_type=\"widget\" data-widget_type=\"heading.default\">\n\t\t\t\t<div class=\"elementor-widget-container\">\n\t\t\t\t\t<h2 class=\"elementor-heading-title elementor-size-default\">NSFOCUS Security Labs<\/h2>\t\t\t\t<\/div>\n\t\t\t\t<\/div>\n\t\t\t\t<div class=\"elementor-element elementor-element-68fbf8ae elementor-align-center elementor-widget elementor-widget-button\" data-id=\"68fbf8ae\" data-element_type=\"widget\" data-widget_type=\"button.default\">\n\t\t\t\t<div class=\"elementor-widget-container\">\n\t\t\t\t\t\t\t\t\t<div class=\"elementor-button-wrapper\">\n\t\t\t\t\t<a class=\"elementor-button elementor-button-link elementor-size-sm\" href=\"https:\/\/nsfocusglobal.com\/blog\">\n\t\t\t\t\t\t<span class=\"elementor-button-content-wrapper\">\n\t\t\t\t\t\t\t\t\t<span class=\"elementor-button-text\">Threat Intelligence Blog<\/span>\n\t\t\t\t\t<\/span>\n\t\t\t\t\t<\/a>\n\t\t\t\t<\/div>\n\t\t\t\t\t\t\t\t<\/div>\n\t\t\t\t<\/div>\n\t\t\t\t\t<\/div>\n\t\t<\/div>\n\t\t\t\t\t<\/div>\n\t\t<\/section>\n\t\t\t\t<section class=\"has_ae_slider elementor-section elementor-top-section elementor-element elementor-element-111cc8d9 elementor-section-full_width elementor-section-height-min-height elementor-section-items-stretch elementor-section-height-default ae-bg-gallery-type-default\" data-id=\"111cc8d9\" data-element_type=\"section\">\n\t\t\t\t\t\t<div class=\"elementor-container elementor-column-gap-default\">\n\t\t\t\t\t<div class=\"has_ae_slider elementor-column elementor-col-50 elementor-top-column elementor-element elementor-element-43fb461f ae-bg-gallery-type-default\" data-id=\"43fb461f\" data-element_type=\"column\">\n\t\t\t<div class=\"elementor-widget-wrap elementor-element-populated\">\n\t\t\t\t\t\t<div data-dce-title-color=\"#000000\" class=\"elementor-element elementor-element-7b683618 elementor-widget elementor-widget-heading\" data-id=\"7b683618\" data-element_type=\"widget\" data-widget_type=\"heading.default\">\n\t\t\t\t<div class=\"elementor-widget-container\">\n\t\t\t\t\t<span class=\"elementor-heading-title elementor-size-default\">Fundado em 2000, o NSFOCUS Security Labs (NSL) \u00e9 um centro avan\u00e7ado de pesquisa sobre seguran\u00e7a cibern\u00e9tica e respostas para amea\u00e7as, reconhecido mundialmente pelo tempo dedicado na  <b> avalia\u00e7\u00e3o de vulnerabilidade, detec\u00e7\u00e3o de amea\u00e7as e pesquisas de mitiga\u00e7\u00e3o.<\/b>  \nO NSL contribui ativamente com a comunidade de seguran\u00e7a por meio da coopera\u00e7\u00e3o entre seus parceiros da ind\u00fastria, universidades e laborat\u00f3rios de pesquisa. O laborat\u00f3rio \u00e9 membro da Cloud Security Alliance (CSA) e participante regular do Microsoft Active Protections Program (MAPP) e do Google Vulnerability Reward Program (VRP), al\u00e9m de ser o \u00fanico centro de estudos sobre seguran\u00e7a a receber o pr\u00eamio Microsoft Mitigation Bypass Bounty por sete anos consecutivos.<\/span>\t\t\t\t<\/div>\n\t\t\t\t<\/div>\n\t\t\t\t\t<\/div>\n\t\t<\/div>\n\t\t\t\t<div class=\"has_ae_slider elementor-column elementor-col-50 elementor-top-column elementor-element elementor-element-4d1a012a ae-bg-gallery-type-default\" data-id=\"4d1a012a\" data-element_type=\"column\">\n\t\t\t<div class=\"elementor-widget-wrap elementor-element-populated\">\n\t\t\t\t\t\t<div class=\"elementor-element elementor-element-4e2c8bea dce_masking-none elementor-widget elementor-widget-image\" data-id=\"4e2c8bea\" data-element_type=\"widget\" data-widget_type=\"image.default\">\n\t\t\t\t<div class=\"elementor-widget-container\">\n\t\t\t\t\t\t\t\t\t\t\t\t\t\t\t<img decoding=\"async\" width=\"357\" height=\"137\" src=\"https:\/\/nsfocusglobal.com\/wp-content\/uploads\/2023\/09\/NSFOCUS-Security-Labs.png\" class=\"attachment-full size-full wp-image-26331\" alt=\"NSFOCUS Security Labs logo with blue squares.\" srcset=\"https:\/\/nsfocusglobal.com\/wp-content\/uploads\/2023\/09\/NSFOCUS-Security-Labs.png 357w, https:\/\/nsfocusglobal.com\/wp-content\/uploads\/2023\/09\/NSFOCUS-Security-Labs-300x115.png 300w, https:\/\/nsfocusglobal.com\/wp-content\/uploads\/2023\/09\/NSFOCUS-Security-Labs-200x77.png 200w\" sizes=\"(max-width: 357px) 100vw, 357px\" \/>\t\t\t\t\t\t\t\t\t\t\t\t\t\t\t<\/div>\n\t\t\t\t<\/div>\n\t\t\t\t\t<\/div>\n\t\t<\/div>\n\t\t\t\t\t<\/div>\n\t\t<\/section>\n\t\t\t\t<section class=\"has_ae_slider elementor-section elementor-top-section elementor-element elementor-element-611c3d08 elementor-section-boxed elementor-section-height-default elementor-section-height-default ae-bg-gallery-type-default\" data-id=\"611c3d08\" data-element_type=\"section\">\n\t\t\t\t\t\t<div class=\"elementor-container elementor-column-gap-default\">\n\t\t\t\t\t<div class=\"has_ae_slider elementor-column elementor-col-100 elementor-top-column elementor-element elementor-element-18c8bc0f ae-bg-gallery-type-default\" data-id=\"18c8bc0f\" data-element_type=\"column\">\n\t\t\t<div class=\"elementor-widget-wrap elementor-element-populated\">\n\t\t\t\t\t\t<div class=\"elementor-element elementor-element-62b5d389 dce_masking-none elementor-widget elementor-widget-image\" data-id=\"62b5d389\" data-element_type=\"widget\" data-widget_type=\"image.default\">\n\t\t\t\t<div class=\"elementor-widget-container\">\n\t\t\t\t\t\t\t\t\t\t\t\t\t\t\t<img fetchpriority=\"high\" decoding=\"async\" width=\"1920\" height=\"1080\" src=\"https:\/\/nsfocusglobal.com\/wp-content\/uploads\/2023\/11\/8securitylabs3.png\" class=\"attachment-full size-full wp-image-27123\" alt=\"NSFOCUS Security Research Labs information diagram.\" srcset=\"https:\/\/nsfocusglobal.com\/wp-content\/uploads\/2023\/11\/8securitylabs3.png 1920w, https:\/\/nsfocusglobal.com\/wp-content\/uploads\/2023\/11\/8securitylabs3-300x169.png 300w, https:\/\/nsfocusglobal.com\/wp-content\/uploads\/2023\/11\/8securitylabs3-1024x576.png 1024w, https:\/\/nsfocusglobal.com\/wp-content\/uploads\/2023\/11\/8securitylabs3-768x432.png 768w, https:\/\/nsfocusglobal.com\/wp-content\/uploads\/2023\/11\/8securitylabs3-1536x864.png 1536w, https:\/\/nsfocusglobal.com\/wp-content\/uploads\/2023\/11\/8securitylabs3-150x85.png 150w, https:\/\/nsfocusglobal.com\/wp-content\/uploads\/2023\/11\/8securitylabs3-600x338.png 600w\" sizes=\"(max-width: 1920px) 100vw, 1920px\" \/>\t\t\t\t\t\t\t\t\t\t\t\t\t\t\t<\/div>\n\t\t\t\t<\/div>\n\t\t\t\t\t<\/div>\n\t\t<\/div>\n\t\t\t\t\t<\/div>\n\t\t<\/section>\n\t\t\t\t<section class=\"has_ae_slider elementor-section elementor-top-section elementor-element elementor-element-5c19abd9 elementor-section-full_width elementor-section-height-min-height elementor-section-items-stretch elementor-section-height-default ae-bg-gallery-type-default\" data-id=\"5c19abd9\" data-element_type=\"section\">\n\t\t\t\t\t\t<div class=\"elementor-container elementor-column-gap-default\">\n\t\t\t\t\t<div class=\"has_ae_slider elementor-column elementor-col-50 elementor-top-column elementor-element elementor-element-12e55ac ae-bg-gallery-type-default\" data-id=\"12e55ac\" data-element_type=\"column\">\n\t\t\t<div class=\"elementor-widget-wrap elementor-element-populated\">\n\t\t\t\t\t\t<div data-dce-title-color=\"#000000\" class=\"elementor-element elementor-element-4f5f6599 elementor-widget elementor-widget-heading\" data-id=\"4f5f6599\" data-element_type=\"widget\" data-widget_type=\"heading.default\">\n\t\t\t\t<div class=\"elementor-widget-container\">\n\t\t\t\t\t<span class=\"elementor-heading-title elementor-size-default\">O Security Labs mant\u00e9m um dos maiores bancos de dados sobre vulnerabilidades do mundo e publica regularmente alertas com emerg\u00eancia sobre suas descobertas e informativos. Essas informa\u00e7\u00f5es, juntamente com pesquisas em outras \u00e1reas, incluindo Big Data, seguran\u00e7a em nuvem, virtualiza\u00e7\u00e3o, an\u00e1lise de comportamento de rede, percep\u00e7\u00e3o e intelig\u00eancia de amea\u00e7as, s\u00e3o frequentemente atualizadas por meio da coleta e an\u00e1lise de honeypots, honeynets e redes de servi\u00e7os gerenciados.<\/span>\t\t\t\t<\/div>\n\t\t\t\t<\/div>\n\t\t\t\t\t<\/div>\n\t\t<\/div>\n\t\t\t\t<div class=\"has_ae_slider elementor-column elementor-col-50 elementor-top-column elementor-element elementor-element-4127e4dd ae-bg-gallery-type-default\" data-id=\"4127e4dd\" data-element_type=\"column\">\n\t\t\t<div class=\"elementor-widget-wrap elementor-element-populated\">\n\t\t\t\t\t\t<div class=\"elementor-element elementor-element-7a0a7778 dce_masking-none elementor-widget elementor-widget-image\" data-id=\"7a0a7778\" data-element_type=\"widget\" data-widget_type=\"image.default\">\n\t\t\t\t<div class=\"elementor-widget-container\">\n\t\t\t\t\t\t\t\t\t\t\t\t\t\t\t<img decoding=\"async\" width=\"450\" height=\"450\" src=\"https:\/\/nsfocusglobal.com\/wp-content\/uploads\/2024\/11\/Home-1.png\" class=\"attachment-large size-large wp-image-31914\" alt=\"A diverse group collaborates around a laptop, sharing ideas enthusiastically.\" srcset=\"https:\/\/nsfocusglobal.com\/wp-content\/uploads\/2024\/11\/Home-1.png 450w, https:\/\/nsfocusglobal.com\/wp-content\/uploads\/2024\/11\/Home-1-300x300.png 300w, https:\/\/nsfocusglobal.com\/wp-content\/uploads\/2024\/11\/Home-1-150x150.png 150w, https:\/\/nsfocusglobal.com\/wp-content\/uploads\/2024\/11\/Home-1-230x230.png 230w, https:\/\/nsfocusglobal.com\/wp-content\/uploads\/2024\/11\/Home-1-400x400.png 400w, https:\/\/nsfocusglobal.com\/wp-content\/uploads\/2024\/11\/Home-1-200x200.png 200w\" sizes=\"(max-width: 450px) 100vw, 450px\" \/>\t\t\t\t\t\t\t\t\t\t\t\t\t\t\t<\/div>\n\t\t\t\t<\/div>\n\t\t\t\t\t<\/div>\n\t\t<\/div>\n\t\t\t\t\t<\/div>\n\t\t<\/section>\n\t\t\t\t<\/div>\n\t\t","protected":false},"excerpt":{"rendered":"<p>NSFOCUS Security Labs Threat Intelligence Blog Fundado em 2000, o NSFOCUS Security Labs (NSL) &Atilde;&copy; um centro avan&Atilde;&sect;ado de pesquisa sobre seguran&Atilde;&sect;a cibern&Atilde;&copy;tica e respostas para amea&Atilde;&sect;as, reconhecido mundialmente pelo tempo dedicado na avalia&Atilde;&sect;&Atilde;&pound;o de vulnerabilidade, detec&Atilde;&sect;&Atilde;&pound;o de amea&Atilde;&sect;as e pesquisas de mitiga&Atilde;&sect;&Atilde;&pound;o. O NSL contribui ativamente com a comunidade de seguran&Atilde;&sect;a por meio da [&hellip;]<\/p>\n","protected":false},"author":1,"featured_media":35793,"parent":0,"menu_order":122,"comment_status":"closed","ping_status":"closed","template":"","meta":{"_acf_changed":false,"_coblocks_attr":"","_coblocks_dimensions":"","_coblocks_responsive_height":"","_coblocks_accordion_ie_support":"","footnotes":""},"class_list":["post-13494","page","type-page","status-publish","has-post-thumbnail","hentry"],"acf":[],"yoast_head":"<!-- This site is optimized with the Yoast SEO plugin v27.5 - https:\/\/yoast.com\/product\/yoast-seo-wordpress\/ -->\n<title>NSFOCUS Laborat\u00f3rios de Seguran\u00e7a | NSFOCUS<\/title>\n<meta name=\"description\" content=\"The NSFOCUS Security Lab (NSL) is an internationally-recognized cyber-security research &amp; threat response center.\" \/>\n<meta name=\"robots\" content=\"index, follow, max-snippet:-1, max-image-preview:large, max-video-preview:-1\" \/>\n<link rel=\"canonical\" href=\"https:\/\/nsfocusglobal.com\/pt-br\/laboratorios-de-seguranca-nsfocus\/\" \/>\n<meta property=\"og:locale\" content=\"pt_BR\" \/>\n<meta property=\"og:type\" content=\"article\" \/>\n<meta property=\"og:title\" content=\"NSFOCUS Laborat\u00f3rios de Seguran\u00e7a | NSFOCUS\" \/>\n<meta property=\"og:description\" content=\"The NSFOCUS Security Lab (NSL) is an internationally-recognized cyber-security research &amp; threat response center.\" \/>\n<meta property=\"og:url\" content=\"https:\/\/nsfocusglobal.com\/pt-br\/laboratorios-de-seguranca-nsfocus\/\" \/>\n<meta property=\"og:site_name\" content=\"NSFOCUS\" \/>\n<meta property=\"article:modified_time\" content=\"2026-04-17T18:07:46+00:00\" \/>\n<meta property=\"og:image\" content=\"https:\/\/nsfocusglobal.com\/wp-content\/uploads\/2021\/06\/NSFOCUS-Security-Labs.png\" \/>\n<meta name=\"twitter:card\" content=\"summary_large_image\" \/>\n<meta name=\"twitter:title\" content=\"NSFOCUS Laborat\u00f3rios de Seguran\u00e7a | NSFOCUS\" \/>\n<meta name=\"twitter:description\" content=\"The NSFOCUS Security Lab (NSL) is an internationally-recognized cyber-security research &amp; threat response center.\" \/>\n<meta name=\"twitter:image\" content=\"https:\/\/nsfocusglobal.com\/wp-content\/uploads\/2021\/06\/NSFOCUS-Security-Labs.png\" \/>\n<meta name=\"twitter:label1\" content=\"Est. tempo de leitura\" \/>\n\t<meta name=\"twitter:data1\" content=\"1 minuto\" \/>\n<script type=\"application\/ld+json\" class=\"yoast-schema-graph\">{\"@context\":\"https:\\\/\\\/schema.org\",\"@graph\":[{\"@type\":\"WebPage\",\"@id\":\"https:\\\/\\\/nsfocusglobal.com\\\/pt-br\\\/laboratorios-de-seguranca-nsfocus\\\/\",\"url\":\"https:\\\/\\\/nsfocusglobal.com\\\/pt-br\\\/laboratorios-de-seguranca-nsfocus\\\/\",\"name\":\"NSFOCUS Laborat\u00f3rios de Seguran\u00e7a | NSFOCUS\",\"isPartOf\":{\"@id\":\"https:\\\/\\\/nsfocusglobal.com\\\/#website\"},\"primaryImageOfPage\":{\"@id\":\"https:\\\/\\\/nsfocusglobal.com\\\/pt-br\\\/laboratorios-de-seguranca-nsfocus\\\/#primaryimage\"},\"image\":{\"@id\":\"https:\\\/\\\/nsfocusglobal.com\\\/pt-br\\\/laboratorios-de-seguranca-nsfocus\\\/#primaryimage\"},\"thumbnailUrl\":\"https:\\\/\\\/nsfocusglobal.com\\\/wp-content\\\/uploads\\\/2021\\\/06\\\/NSFOCUS-Security-Labs.png\",\"datePublished\":\"2021-06-28T06:00:44+00:00\",\"dateModified\":\"2026-04-17T18:07:46+00:00\",\"description\":\"The NSFOCUS Security Lab (NSL) is an internationally-recognized cyber-security research & threat response center.\",\"breadcrumb\":{\"@id\":\"https:\\\/\\\/nsfocusglobal.com\\\/pt-br\\\/laboratorios-de-seguranca-nsfocus\\\/#breadcrumb\"},\"inLanguage\":\"pt-BR\",\"potentialAction\":[{\"@type\":\"ReadAction\",\"target\":[\"https:\\\/\\\/nsfocusglobal.com\\\/pt-br\\\/laboratorios-de-seguranca-nsfocus\\\/\"]}]},{\"@type\":\"ImageObject\",\"inLanguage\":\"pt-BR\",\"@id\":\"https:\\\/\\\/nsfocusglobal.com\\\/pt-br\\\/laboratorios-de-seguranca-nsfocus\\\/#primaryimage\",\"url\":\"https:\\\/\\\/nsfocusglobal.com\\\/wp-content\\\/uploads\\\/2021\\\/06\\\/NSFOCUS-Security-Labs.png\",\"contentUrl\":\"https:\\\/\\\/nsfocusglobal.com\\\/wp-content\\\/uploads\\\/2021\\\/06\\\/NSFOCUS-Security-Labs.png\",\"width\":357,\"height\":137},{\"@type\":\"BreadcrumbList\",\"@id\":\"https:\\\/\\\/nsfocusglobal.com\\\/pt-br\\\/laboratorios-de-seguranca-nsfocus\\\/#breadcrumb\",\"itemListElement\":[{\"@type\":\"ListItem\",\"position\":1,\"name\":\"Home\",\"item\":\"https:\\\/\\\/nsfocusglobal.com\\\/\"},{\"@type\":\"ListItem\",\"position\":2,\"name\":\"NSFOCUS Security Labs\"}]},{\"@type\":\"WebSite\",\"@id\":\"https:\\\/\\\/nsfocusglobal.com\\\/#website\",\"url\":\"https:\\\/\\\/nsfocusglobal.com\\\/\",\"name\":\"NSFOCUS\",\"description\":\"Security Made Smart and Simple\",\"publisher\":{\"@id\":\"https:\\\/\\\/nsfocusglobal.com\\\/#organization\"},\"potentialAction\":[{\"@type\":\"SearchAction\",\"target\":{\"@type\":\"EntryPoint\",\"urlTemplate\":\"https:\\\/\\\/nsfocusglobal.com\\\/?s={search_term_string}\"},\"query-input\":{\"@type\":\"PropertyValueSpecification\",\"valueRequired\":true,\"valueName\":\"search_term_string\"}}],\"inLanguage\":\"pt-BR\"},{\"@type\":\"Organization\",\"@id\":\"https:\\\/\\\/nsfocusglobal.com\\\/#organization\",\"name\":\"NSFOCUS\",\"url\":\"https:\\\/\\\/nsfocusglobal.com\\\/\",\"logo\":{\"@type\":\"ImageObject\",\"inLanguage\":\"pt-BR\",\"@id\":\"https:\\\/\\\/nsfocusglobal.com\\\/#\\\/schema\\\/logo\\\/image\\\/\",\"url\":\"https:\\\/\\\/nsfocusglobal.com\\\/wp-content\\\/uploads\\\/2024\\\/08\\\/logo-ns.png\",\"contentUrl\":\"https:\\\/\\\/nsfocusglobal.com\\\/wp-content\\\/uploads\\\/2024\\\/08\\\/logo-ns.png\",\"width\":248,\"height\":36,\"caption\":\"NSFOCUS\"},\"image\":{\"@id\":\"https:\\\/\\\/nsfocusglobal.com\\\/#\\\/schema\\\/logo\\\/image\\\/\"}}]}<\/script>\n<!-- \/ Yoast SEO plugin. -->","yoast_head_json":{"title":"NSFOCUS Laborat\u00f3rios de Seguran\u00e7a | NSFOCUS","description":"The NSFOCUS Security Lab (NSL) is an internationally-recognized cyber-security research & threat response center.","robots":{"index":"index","follow":"follow","max-snippet":"max-snippet:-1","max-image-preview":"max-image-preview:large","max-video-preview":"max-video-preview:-1"},"canonical":"https:\/\/nsfocusglobal.com\/pt-br\/laboratorios-de-seguranca-nsfocus\/","og_locale":"pt_BR","og_type":"article","og_title":"NSFOCUS Laborat\u00f3rios de Seguran\u00e7a | NSFOCUS","og_description":"The NSFOCUS Security Lab (NSL) is an internationally-recognized cyber-security research &amp; threat response center.","og_url":"https:\/\/nsfocusglobal.com\/pt-br\/laboratorios-de-seguranca-nsfocus\/","og_site_name":"NSFOCUS","article_modified_time":"2026-04-17T18:07:46+00:00","og_image":[{"url":"https:\/\/nsfocusglobal.com\/wp-content\/uploads\/2021\/06\/NSFOCUS-Security-Labs.png","type":"","width":"","height":""}],"twitter_card":"summary_large_image","twitter_title":"NSFOCUS Laborat\u00f3rios de Seguran\u00e7a | NSFOCUS","twitter_description":"The NSFOCUS Security Lab (NSL) is an internationally-recognized cyber-security research &amp; threat response center.","twitter_image":"https:\/\/nsfocusglobal.com\/wp-content\/uploads\/2021\/06\/NSFOCUS-Security-Labs.png","twitter_misc":{"Est. tempo de leitura":"1 minuto"},"schema":{"@context":"https:\/\/schema.org","@graph":[{"@type":"WebPage","@id":"https:\/\/nsfocusglobal.com\/pt-br\/laboratorios-de-seguranca-nsfocus\/","url":"https:\/\/nsfocusglobal.com\/pt-br\/laboratorios-de-seguranca-nsfocus\/","name":"NSFOCUS Laborat\u00f3rios de Seguran\u00e7a | NSFOCUS","isPartOf":{"@id":"https:\/\/nsfocusglobal.com\/#website"},"primaryImageOfPage":{"@id":"https:\/\/nsfocusglobal.com\/pt-br\/laboratorios-de-seguranca-nsfocus\/#primaryimage"},"image":{"@id":"https:\/\/nsfocusglobal.com\/pt-br\/laboratorios-de-seguranca-nsfocus\/#primaryimage"},"thumbnailUrl":"https:\/\/nsfocusglobal.com\/wp-content\/uploads\/2021\/06\/NSFOCUS-Security-Labs.png","datePublished":"2021-06-28T06:00:44+00:00","dateModified":"2026-04-17T18:07:46+00:00","description":"The NSFOCUS Security Lab (NSL) is an internationally-recognized cyber-security research & threat response center.","breadcrumb":{"@id":"https:\/\/nsfocusglobal.com\/pt-br\/laboratorios-de-seguranca-nsfocus\/#breadcrumb"},"inLanguage":"pt-BR","potentialAction":[{"@type":"ReadAction","target":["https:\/\/nsfocusglobal.com\/pt-br\/laboratorios-de-seguranca-nsfocus\/"]}]},{"@type":"ImageObject","inLanguage":"pt-BR","@id":"https:\/\/nsfocusglobal.com\/pt-br\/laboratorios-de-seguranca-nsfocus\/#primaryimage","url":"https:\/\/nsfocusglobal.com\/wp-content\/uploads\/2021\/06\/NSFOCUS-Security-Labs.png","contentUrl":"https:\/\/nsfocusglobal.com\/wp-content\/uploads\/2021\/06\/NSFOCUS-Security-Labs.png","width":357,"height":137},{"@type":"BreadcrumbList","@id":"https:\/\/nsfocusglobal.com\/pt-br\/laboratorios-de-seguranca-nsfocus\/#breadcrumb","itemListElement":[{"@type":"ListItem","position":1,"name":"Home","item":"https:\/\/nsfocusglobal.com\/"},{"@type":"ListItem","position":2,"name":"NSFOCUS Security Labs"}]},{"@type":"WebSite","@id":"https:\/\/nsfocusglobal.com\/#website","url":"https:\/\/nsfocusglobal.com\/","name":"NSFOCUS","description":"Security Made Smart and Simple","publisher":{"@id":"https:\/\/nsfocusglobal.com\/#organization"},"potentialAction":[{"@type":"SearchAction","target":{"@type":"EntryPoint","urlTemplate":"https:\/\/nsfocusglobal.com\/?s={search_term_string}"},"query-input":{"@type":"PropertyValueSpecification","valueRequired":true,"valueName":"search_term_string"}}],"inLanguage":"pt-BR"},{"@type":"Organization","@id":"https:\/\/nsfocusglobal.com\/#organization","name":"NSFOCUS","url":"https:\/\/nsfocusglobal.com\/","logo":{"@type":"ImageObject","inLanguage":"pt-BR","@id":"https:\/\/nsfocusglobal.com\/#\/schema\/logo\/image\/","url":"https:\/\/nsfocusglobal.com\/wp-content\/uploads\/2024\/08\/logo-ns.png","contentUrl":"https:\/\/nsfocusglobal.com\/wp-content\/uploads\/2024\/08\/logo-ns.png","width":248,"height":36,"caption":"NSFOCUS"},"image":{"@id":"https:\/\/nsfocusglobal.com\/#\/schema\/logo\/image\/"}}]}},"_links":{"self":[{"href":"https:\/\/nsfocusglobal.com\/pt-br\/wp-json\/wp\/v2\/pages\/13494","targetHints":{"allow":["GET"]}}],"collection":[{"href":"https:\/\/nsfocusglobal.com\/pt-br\/wp-json\/wp\/v2\/pages"}],"about":[{"href":"https:\/\/nsfocusglobal.com\/pt-br\/wp-json\/wp\/v2\/types\/page"}],"author":[{"embeddable":true,"href":"https:\/\/nsfocusglobal.com\/pt-br\/wp-json\/wp\/v2\/users\/1"}],"replies":[{"embeddable":true,"href":"https:\/\/nsfocusglobal.com\/pt-br\/wp-json\/wp\/v2\/comments?post=13494"}],"version-history":[{"count":4,"href":"https:\/\/nsfocusglobal.com\/pt-br\/wp-json\/wp\/v2\/pages\/13494\/revisions"}],"predecessor-version":[{"id":34174,"href":"https:\/\/nsfocusglobal.com\/pt-br\/wp-json\/wp\/v2\/pages\/13494\/revisions\/34174"}],"wp:featuredmedia":[{"embeddable":true,"href":"https:\/\/nsfocusglobal.com\/pt-br\/wp-json\/wp\/v2\/media\/35793"}],"wp:attachment":[{"href":"https:\/\/nsfocusglobal.com\/pt-br\/wp-json\/wp\/v2\/media?parent=13494"}],"curies":[{"name":"wp","href":"https:\/\/api.w.org\/{rel}","templated":true}]}}