{"id":13474,"date":"2021-06-28T06:00:45","date_gmt":"2021-06-28T06:00:45","guid":{"rendered":"https:\/\/nsfocusglobal.com\/sistema-de-analise-de-ameacas\/"},"modified":"2021-06-28T06:00:45","modified_gmt":"2021-06-28T06:00:45","slug":"sistema-de-analise-de-ameacas","status":"publish","type":"page","link":"https:\/\/nsfocusglobal.com\/pt-br\/sistema-de-analise-de-ameacas\/","title":{"rendered":"Sistema de An\u00e1lise de Amea\u00e7as"},"content":{"rendered":"","protected":false},"excerpt":{"rendered":"","protected":false},"author":1,"featured_media":5035,"parent":0,"menu_order":107,"comment_status":"closed","ping_status":"closed","template":"v2\/1page-allelements.php","meta":{"_acf_changed":false,"_coblocks_attr":"","_coblocks_dimensions":"","_coblocks_responsive_height":"","_coblocks_accordion_ie_support":"","footnotes":""},"class_list":["post-13474","page","type-page","status-publish","has-post-thumbnail","hentry"],"acf":[],"yoast_head":"<!-- This site is optimized with the Yoast SEO plugin v27.5 - https:\/\/yoast.com\/product\/yoast-seo-wordpress\/ -->\n<title>An\u00e1lise de Amea\u00e7as | Sistema de Seguran\u00e7a<\/title>\n<meta name=\"description\" content=\"Learn how NSFOCUS&#039;s Sistema de An\u00e1lise de Amea\u00e7as can enhance your organization&#039;s defenses. Stay ahead with proactive threat management.\" \/>\n<meta name=\"robots\" content=\"index, follow, max-snippet:-1, max-image-preview:large, max-video-preview:-1\" \/>\n<link rel=\"canonical\" href=\"https:\/\/nsfocusglobal.com\/sistema-de-analise-de-ameacas\/\" \/>\n<meta property=\"og:locale\" content=\"pt_BR\" \/>\n<meta property=\"og:type\" content=\"article\" \/>\n<meta property=\"og:title\" content=\"An\u00e1lise de Amea\u00e7as | Sistema de Seguran\u00e7a\" \/>\n<meta property=\"og:description\" content=\"Learn how NSFOCUS&#039;s Sistema de An\u00e1lise de Amea\u00e7as can enhance your organization&#039;s defenses. Stay ahead with proactive threat management.\" \/>\n<meta property=\"og:url\" content=\"https:\/\/nsfocusglobal.com\/sistema-de-analise-de-ameacas\/\" \/>\n<meta property=\"og:site_name\" content=\"NSFOCUS\" \/>\n<meta property=\"og:image\" content=\"https:\/\/nsfocusglobal.com\/wp-content\/uploads\/2017\/02\/source-of-threat-intelligence.png\" \/>\n<meta name=\"twitter:card\" content=\"summary_large_image\" \/>\n<meta name=\"twitter:title\" content=\"An\u00e1lise de Amea\u00e7as | Sistema de Seguran\u00e7a\" \/>\n<meta name=\"twitter:description\" content=\"Learn how NSFOCUS&#039;s Sistema de An\u00e1lise de Amea\u00e7as can enhance your organization&#039;s defenses. Stay ahead with proactive threat management.\" \/>\n<meta name=\"twitter:image\" content=\"https:\/\/nsfocusglobal.com\/wp-content\/uploads\/2017\/02\/source-of-threat-intelligence.png\" \/>\n<script type=\"application\/ld+json\" class=\"yoast-schema-graph\">{\"@context\":\"https:\\\/\\\/schema.org\",\"@graph\":[{\"@type\":\"WebPage\",\"@id\":\"https:\\\/\\\/nsfocusglobal.com\\\/sistema-de-analise-de-ameacas\\\/\",\"url\":\"https:\\\/\\\/nsfocusglobal.com\\\/sistema-de-analise-de-ameacas\\\/\",\"name\":\"An\u00e1lise de Amea\u00e7as | Sistema de Seguran\u00e7a\",\"isPartOf\":{\"@id\":\"https:\\\/\\\/nsfocusglobal.com\\\/#website\"},\"primaryImageOfPage\":{\"@id\":\"https:\\\/\\\/nsfocusglobal.com\\\/sistema-de-analise-de-ameacas\\\/#primaryimage\"},\"image\":{\"@id\":\"https:\\\/\\\/nsfocusglobal.com\\\/sistema-de-analise-de-ameacas\\\/#primaryimage\"},\"thumbnailUrl\":\"https:\\\/\\\/nsfocusglobal.com\\\/wp-content\\\/uploads\\\/2017\\\/02\\\/source-of-threat-intelligence.png\",\"datePublished\":\"2021-06-28T06:00:45+00:00\",\"description\":\"Learn how NSFOCUS's Sistema de An\u00e1lise de Amea\u00e7as can enhance your organization's defenses. Stay ahead with proactive threat management.\",\"breadcrumb\":{\"@id\":\"https:\\\/\\\/nsfocusglobal.com\\\/sistema-de-analise-de-ameacas\\\/#breadcrumb\"},\"inLanguage\":\"pt-BR\",\"potentialAction\":[{\"@type\":\"ReadAction\",\"target\":[\"https:\\\/\\\/nsfocusglobal.com\\\/sistema-de-analise-de-ameacas\\\/\"]}]},{\"@type\":\"ImageObject\",\"inLanguage\":\"pt-BR\",\"@id\":\"https:\\\/\\\/nsfocusglobal.com\\\/sistema-de-analise-de-ameacas\\\/#primaryimage\",\"url\":\"https:\\\/\\\/nsfocusglobal.com\\\/wp-content\\\/uploads\\\/2017\\\/02\\\/source-of-threat-intelligence.png\",\"contentUrl\":\"https:\\\/\\\/nsfocusglobal.com\\\/wp-content\\\/uploads\\\/2017\\\/02\\\/source-of-threat-intelligence.png\",\"width\":331,\"height\":229,\"caption\":\"NSFOCUS logo with cloud and network symbols.\"},{\"@type\":\"BreadcrumbList\",\"@id\":\"https:\\\/\\\/nsfocusglobal.com\\\/sistema-de-analise-de-ameacas\\\/#breadcrumb\",\"itemListElement\":[{\"@type\":\"ListItem\",\"position\":1,\"name\":\"Home\",\"item\":\"https:\\\/\\\/nsfocusglobal.com\\\/\"},{\"@type\":\"ListItem\",\"position\":2,\"name\":\"Sistema de An\u00e1lise de Amea\u00e7as\"}]},{\"@type\":\"WebSite\",\"@id\":\"https:\\\/\\\/nsfocusglobal.com\\\/#website\",\"url\":\"https:\\\/\\\/nsfocusglobal.com\\\/\",\"name\":\"NSFOCUS\",\"description\":\"Security Made Smart and Simple\",\"publisher\":{\"@id\":\"https:\\\/\\\/nsfocusglobal.com\\\/#organization\"},\"potentialAction\":[{\"@type\":\"SearchAction\",\"target\":{\"@type\":\"EntryPoint\",\"urlTemplate\":\"https:\\\/\\\/nsfocusglobal.com\\\/?s={search_term_string}\"},\"query-input\":{\"@type\":\"PropertyValueSpecification\",\"valueRequired\":true,\"valueName\":\"search_term_string\"}}],\"inLanguage\":\"pt-BR\"},{\"@type\":\"Organization\",\"@id\":\"https:\\\/\\\/nsfocusglobal.com\\\/#organization\",\"name\":\"NSFOCUS\",\"url\":\"https:\\\/\\\/nsfocusglobal.com\\\/\",\"logo\":{\"@type\":\"ImageObject\",\"inLanguage\":\"pt-BR\",\"@id\":\"https:\\\/\\\/nsfocusglobal.com\\\/#\\\/schema\\\/logo\\\/image\\\/\",\"url\":\"https:\\\/\\\/nsfocusglobal.com\\\/wp-content\\\/uploads\\\/2024\\\/08\\\/logo-ns.png\",\"contentUrl\":\"https:\\\/\\\/nsfocusglobal.com\\\/wp-content\\\/uploads\\\/2024\\\/08\\\/logo-ns.png\",\"width\":248,\"height\":36,\"caption\":\"NSFOCUS\"},\"image\":{\"@id\":\"https:\\\/\\\/nsfocusglobal.com\\\/#\\\/schema\\\/logo\\\/image\\\/\"}}]}<\/script>\n<!-- \/ Yoast SEO plugin. -->","yoast_head_json":{"title":"An\u00e1lise de Amea\u00e7as | Sistema de Seguran\u00e7a","description":"Learn how NSFOCUS's Sistema de An\u00e1lise de Amea\u00e7as can enhance your organization's defenses. Stay ahead with proactive threat management.","robots":{"index":"index","follow":"follow","max-snippet":"max-snippet:-1","max-image-preview":"max-image-preview:large","max-video-preview":"max-video-preview:-1"},"canonical":"https:\/\/nsfocusglobal.com\/sistema-de-analise-de-ameacas\/","og_locale":"pt_BR","og_type":"article","og_title":"An\u00e1lise de Amea\u00e7as | Sistema de Seguran\u00e7a","og_description":"Learn how NSFOCUS&#039;s Sistema de An\u00e1lise de Amea\u00e7as can enhance your organization&#039;s defenses. Stay ahead with proactive threat management.","og_url":"https:\/\/nsfocusglobal.com\/sistema-de-analise-de-ameacas\/","og_site_name":"NSFOCUS","og_image":[{"url":"https:\/\/nsfocusglobal.com\/wp-content\/uploads\/2017\/02\/source-of-threat-intelligence.png","type":"","width":"","height":""}],"twitter_card":"summary_large_image","twitter_title":"An\u00e1lise de Amea\u00e7as | Sistema de Seguran\u00e7a","twitter_description":"Learn how NSFOCUS&#039;s Sistema de An\u00e1lise de Amea\u00e7as can enhance your organization&#039;s defenses. Stay ahead with proactive threat management.","twitter_image":"https:\/\/nsfocusglobal.com\/wp-content\/uploads\/2017\/02\/source-of-threat-intelligence.png","schema":{"@context":"https:\/\/schema.org","@graph":[{"@type":"WebPage","@id":"https:\/\/nsfocusglobal.com\/sistema-de-analise-de-ameacas\/","url":"https:\/\/nsfocusglobal.com\/sistema-de-analise-de-ameacas\/","name":"An\u00e1lise de Amea\u00e7as | Sistema de Seguran\u00e7a","isPartOf":{"@id":"https:\/\/nsfocusglobal.com\/#website"},"primaryImageOfPage":{"@id":"https:\/\/nsfocusglobal.com\/sistema-de-analise-de-ameacas\/#primaryimage"},"image":{"@id":"https:\/\/nsfocusglobal.com\/sistema-de-analise-de-ameacas\/#primaryimage"},"thumbnailUrl":"https:\/\/nsfocusglobal.com\/wp-content\/uploads\/2017\/02\/source-of-threat-intelligence.png","datePublished":"2021-06-28T06:00:45+00:00","description":"Learn how NSFOCUS's Sistema de An\u00e1lise de Amea\u00e7as can enhance your organization's defenses. Stay ahead with proactive threat management.","breadcrumb":{"@id":"https:\/\/nsfocusglobal.com\/sistema-de-analise-de-ameacas\/#breadcrumb"},"inLanguage":"pt-BR","potentialAction":[{"@type":"ReadAction","target":["https:\/\/nsfocusglobal.com\/sistema-de-analise-de-ameacas\/"]}]},{"@type":"ImageObject","inLanguage":"pt-BR","@id":"https:\/\/nsfocusglobal.com\/sistema-de-analise-de-ameacas\/#primaryimage","url":"https:\/\/nsfocusglobal.com\/wp-content\/uploads\/2017\/02\/source-of-threat-intelligence.png","contentUrl":"https:\/\/nsfocusglobal.com\/wp-content\/uploads\/2017\/02\/source-of-threat-intelligence.png","width":331,"height":229,"caption":"NSFOCUS logo with cloud and network symbols."},{"@type":"BreadcrumbList","@id":"https:\/\/nsfocusglobal.com\/sistema-de-analise-de-ameacas\/#breadcrumb","itemListElement":[{"@type":"ListItem","position":1,"name":"Home","item":"https:\/\/nsfocusglobal.com\/"},{"@type":"ListItem","position":2,"name":"Sistema de An\u00e1lise de Amea\u00e7as"}]},{"@type":"WebSite","@id":"https:\/\/nsfocusglobal.com\/#website","url":"https:\/\/nsfocusglobal.com\/","name":"NSFOCUS","description":"Security Made Smart and Simple","publisher":{"@id":"https:\/\/nsfocusglobal.com\/#organization"},"potentialAction":[{"@type":"SearchAction","target":{"@type":"EntryPoint","urlTemplate":"https:\/\/nsfocusglobal.com\/?s={search_term_string}"},"query-input":{"@type":"PropertyValueSpecification","valueRequired":true,"valueName":"search_term_string"}}],"inLanguage":"pt-BR"},{"@type":"Organization","@id":"https:\/\/nsfocusglobal.com\/#organization","name":"NSFOCUS","url":"https:\/\/nsfocusglobal.com\/","logo":{"@type":"ImageObject","inLanguage":"pt-BR","@id":"https:\/\/nsfocusglobal.com\/#\/schema\/logo\/image\/","url":"https:\/\/nsfocusglobal.com\/wp-content\/uploads\/2024\/08\/logo-ns.png","contentUrl":"https:\/\/nsfocusglobal.com\/wp-content\/uploads\/2024\/08\/logo-ns.png","width":248,"height":36,"caption":"NSFOCUS"},"image":{"@id":"https:\/\/nsfocusglobal.com\/#\/schema\/logo\/image\/"}}]}},"_links":{"self":[{"href":"https:\/\/nsfocusglobal.com\/pt-br\/wp-json\/wp\/v2\/pages\/13474","targetHints":{"allow":["GET"]}}],"collection":[{"href":"https:\/\/nsfocusglobal.com\/pt-br\/wp-json\/wp\/v2\/pages"}],"about":[{"href":"https:\/\/nsfocusglobal.com\/pt-br\/wp-json\/wp\/v2\/types\/page"}],"author":[{"embeddable":true,"href":"https:\/\/nsfocusglobal.com\/pt-br\/wp-json\/wp\/v2\/users\/1"}],"replies":[{"embeddable":true,"href":"https:\/\/nsfocusglobal.com\/pt-br\/wp-json\/wp\/v2\/comments?post=13474"}],"version-history":[{"count":0,"href":"https:\/\/nsfocusglobal.com\/pt-br\/wp-json\/wp\/v2\/pages\/13474\/revisions"}],"wp:featuredmedia":[{"embeddable":true,"href":"https:\/\/nsfocusglobal.com\/pt-br\/wp-json\/wp\/v2\/media\/5035"}],"wp:attachment":[{"href":"https:\/\/nsfocusglobal.com\/pt-br\/wp-json\/wp\/v2\/media?parent=13474"}],"curies":[{"name":"wp","href":"https:\/\/api.w.org\/{rel}","templated":true}]}}